{"id":142,"date":"2017-01-19T14:55:24","date_gmt":"2017-01-19T13:55:24","guid":{"rendered":"http:\/\/saintjeandelacommanderie.fr\/?page_id=142"},"modified":"2019-03-01T14:59:04","modified_gmt":"2019-03-01T13:59:04","slug":"bapteme","status":"publish","type":"page","link":"https:\/\/saintjeandelacommanderie.fr\/?page_id=142","title":{"rendered":"Bapt\u00eame"},"content":{"rendered":"<p>Le bapt\u00eame, la confirmation et l\u2019eucharistie sont les trois sacrements par lesquels on devient chr\u00e9tien.<\/p>\n<p><strong>Le Christ a propos\u00e9 le bapt\u00eame \u00e0 tous pour que tous aient la Vie en Dieu.<\/strong><\/p>\n<p><img loading=\"lazy\" decoding=\"async\" class=\"size-medium wp-image-380\" src=\"https:\/\/saintjeandelacommanderie.fr\/wp-content\/uploads\/2017\/01\/bapteme_pratique-300x200.jpg\" alt=\"\" width=\"300\" height=\"200\"><\/p>\n<p>\u00catre baptis\u00e9, c\u2019est \u00eatre plong\u00e9 dans la mort et la r\u00e9surrection du Christ. C\u2019est un rite de passage : avec le Christ nous traversons la mort et nous participons \u00e0 sa vie de ressuscit\u00e9. Configur\u00e9 au Christ,<br \/>\n<strong>nous devenons fils d\u2019un m\u00eame P\u00e8re et fr\u00e8res de J\u00e9sus-Christ, par l\u2019Esprit Saint.<\/strong><\/p>\n<p>Le bapt\u00eame est le sacrement de la naissance \u00e0 la vie chr\u00e9tienne : marqu\u00e9 du signe de la croix, plong\u00e9 dans l\u2019eau, le nouveau baptis\u00e9 rena\u00eet \u00e0 une vie nouvelle. L\u2019onction avec le Saint Chr\u00eame signifie le don de l\u2019Esprit de Dieu.<\/p>\n<p>La c\u00e9l\u00e9bration du bapt\u00eame a son point culminant dans le bain d\u2019eau accompagn\u00e9 de cette parole : \u00ab&nbsp;<b>Je te baptise au nom du P\u00e8re, et du Fils, et du Saint-Esprit.<\/b>&nbsp;\u00bb.<\/p>\n<h4><span style=\"color: #0000ff;\">Pour faire baptiser son enfant:<\/span><\/h4>\n<p><strong>Bapt\u00eame des petits enfants&nbsp;:<br \/>\n<\/strong>&nbsp;La pr\u00e9paration du bapt\u00eame s&rsquo;effectue lors de trois rencontres avec les parents \u00e9chelonn\u00e9es sur une p\u00e9riode de 3 mois&nbsp;:<br \/>\n1. la premi\u00e8re a lieu avec les parents et un membre de l&rsquo;\u00e9quipe de pr\u00e9paration,<br \/>\n2. la seconde rencontre est commune avec les parents dont un bapt\u00eame est proche dans le temps<br \/>\n3. la troisi\u00e8me rencontre avec le c\u00e9l\u00e9brant, sert \u00e0 la pr\u00e9paration de la c\u00e9r\u00e9monie.<\/p>\n<p>Les parrains et marraines peuvent participer \u00e0 ces formations.<\/p>\n<p>Inscriptions&nbsp;: \u00e0 l\u2019accueil au presbyt\u00e8re ou sur le site de la paroisse.<\/p>\n<p><strong>Entre 3 et 7 ans<\/strong> les enfants peuvent suivre un <strong>\u00c9veil \u00e0 la foi. Un parcours de pr\u00e9paration au bapt\u00eame peut s\u2019envisager avec la participation des parents. <\/strong><\/p>\n<p><strong>Bapt\u00eame des enfants en \u00e2ge scolaire<\/strong>&nbsp;: Le bapt\u00eame se pr\u00e9pare dans le cadre de la cat\u00e9ch\u00e8se soit \u00e0 l\u2019\u00e9cole soit \u00e0 la paroisse.<\/p>\n<p>Pour prendre contact avec la paroisse, remplir le <a href=\"https:\/\/saintjeandelacommanderie.fr\/wp-content\/uploads\/2018\/10\/Inscription-Bapt\u00eame.doc\" target=\"_blank\" rel=\"noopener noreferrer\">formulaire de renseignements<\/a> puis l&rsquo;inclure dans votre message de <a href=\"https:\/\/saintjeandelacommanderie.fr\/?page_id=58\">contact<\/a>.<\/p>\n<p>Ou se rendre \u00e0 l&rsquo;accueil aux horaires indiqu\u00e9s (Lundi \u00e0 Vendredi 16h \u00e0 18h, samedi 9h \u00e011h) ou t\u00e9l\u00e9phoner <img loading=\"lazy\" decoding=\"async\" class=\"alignnone size-medium wp-image-51\" title=\"03.83.40.24.50\" src=\"https:\/\/saintjeandelacommanderie.fr\/wp-content\/uploads\/2017\/01\/telephone-bleu-300x300.png\" alt=\"03.83.40.24.50\" width=\"30\" height=\"30\" srcset=\"https:\/\/saintjeandelacommanderie.fr\/wp-content\/uploads\/2017\/01\/telephone-bleu-300x300.png 300w, https:\/\/saintjeandelacommanderie.fr\/wp-content\/uploads\/2017\/01\/telephone-bleu-150x150.png 150w, https:\/\/saintjeandelacommanderie.fr\/wp-content\/uploads\/2017\/01\/telephone-bleu-200x200.png 200w, https:\/\/saintjeandelacommanderie.fr\/wp-content\/uploads\/2017\/01\/telephone-bleu.png 392w\" sizes=\"auto, (max-width: 30px) 100vw, 30px\" \/><\/p>\n","protected":false},"excerpt":{"rendered":"<p>Le bapt\u00eame, la confirmation et l\u2019eucharistie sont les trois sacrements par lesquels on devient chr\u00e9tien. Le Christ a propos\u00e9 le bapt\u00eame \u00e0 tous pour que tous aient la Vie en Dieu. \u00catre baptis\u00e9, c\u2019est \u00eatre plong\u00e9 dans la mort et la r\u00e9surrection du Christ. C\u2019est un rite de passage : avec le Christ nous traversons &hellip; <a href=\"https:\/\/saintjeandelacommanderie.fr\/?page_id=142\" class=\"more-link\">Continuer la lecture de <span class=\"screen-reader-text\">Bapt\u00eame<\/span><\/a><\/p>\n","protected":false},"author":1,"featured_media":0,"parent":31,"menu_order":2,"comment_status":"closed","ping_status":"closed","template":"","meta":{"footnotes":""},"class_list":["post-142","page","type-page","status-publish","hentry"],"publishpress_future_workflow_manual_trigger":{"enabledWorkflows":[]},"_links":{"self":[{"href":"https:\/\/saintjeandelacommanderie.fr\/index.php?rest_route=\/wp\/v2\/pages\/142","targetHints":{"allow":["GET"]}}],"collection":[{"href":"https:\/\/saintjeandelacommanderie.fr\/index.php?rest_route=\/wp\/v2\/pages"}],"about":[{"href":"https:\/\/saintjeandelacommanderie.fr\/index.php?rest_route=\/wp\/v2\/types\/page"}],"author":[{"embeddable":true,"href":"https:\/\/saintjeandelacommanderie.fr\/index.php?rest_route=\/wp\/v2\/users\/1"}],"replies":[{"embeddable":true,"href":"https:\/\/saintjeandelacommanderie.fr\/index.php?rest_route=%2Fwp%2Fv2%2Fcomments&post=142"}],"version-history":[{"count":10,"href":"https:\/\/saintjeandelacommanderie.fr\/index.php?rest_route=\/wp\/v2\/pages\/142\/revisions"}],"predecessor-version":[{"id":2095,"href":"https:\/\/saintjeandelacommanderie.fr\/index.php?rest_route=\/wp\/v2\/pages\/142\/revisions\/2095"}],"up":[{"embeddable":true,"href":"https:\/\/saintjeandelacommanderie.fr\/index.php?rest_route=\/wp\/v2\/pages\/31"}],"wp:attachment":[{"href":"https:\/\/saintjeandelacommanderie.fr\/index.php?rest_route=%2Fwp%2Fv2%2Fmedia&parent=142"}],"curies":[{"name":"wp","href":"https:\/\/api.w.org\/{rel}","templated":true}]}}