{"id":145,"date":"2017-01-19T14:57:10","date_gmt":"2017-01-19T13:57:10","guid":{"rendered":"http:\/\/saintjeandelacommanderie.fr\/?page_id=145"},"modified":"2021-09-13T12:02:19","modified_gmt":"2021-09-13T10:02:19","slug":"catechese","status":"publish","type":"page","link":"https:\/\/saintjeandelacommanderie.fr\/?page_id=145","title":{"rendered":"Cat\u00e9ch\u00e8se"},"content":{"rendered":"<p>Le <strong>Cat\u00e9chisme<\/strong>, un rendez-vous qui donne du sens\u00a0!<\/p>\n<p><img loading=\"lazy\" decoding=\"async\" class=\"alignnone size-medium wp-image-438\" src=\"https:\/\/saintjeandelacommanderie.fr\/wp-content\/uploads\/2017\/01\/cat\u00e9ch\u00e8se_1-300x244.png\" alt=\"\" width=\"300\" height=\"244\" \/><\/p>\n<p>R\u00e9fl\u00e9chir sur le sens de sa vie, apprendre \u00e0 connaitre J\u00e9sus et cheminer avec lui, voil\u00e0 ce qu\u2019est le cat\u00e9chisme.<\/p>\n<p style=\"padding-left: 60px;\"><em>Autour des animateurs et avec l\u2019aide des parents, une vingtaine d\u2019enfants se retrouvent tous les quinze jours, le dimanche matin de 10h30 \u00e0 12h00 salle paroissiale Cour de la Grotte, rue Victor Prouv\u00e9 \u00e0 Nancy.<\/em><\/p>\n<p>Selon l\u2019\u00e2ge des enfants, plusieurs th\u00e8mes sont abord\u00e9s dans l\u2019ann\u00e9e, par exemple :<\/p>\n<ul>\n<li>Dieu est la vie,<\/li>\n<li>Dieu nous fait confiance,<\/li>\n<li>Dieu nous esp\u00e8re,<\/li>\n<li>Dieu demeure en nous).<\/li>\n<\/ul>\n<p>Plusieurs s\u00e9ances permettent d\u2019aborder ces th\u00e8mes de mani\u00e8re ludique, avec des temps d\u2019\u00e9changes et de jeux en petit groupe, et la constitution d\u2019un panneau ou d\u2019un visuel commun.<\/p>\n<p style=\"padding-left: 40px;\"><em>Messe en famille une fois par mois le dimanche matin \u00e0 9h30 (17 octobre, 14 novembre, 12 d\u00e9cembre, 9 janvier, 27 f\u00e9vrier, 27 mars, 22 mai)<\/em><\/p>\n<p><img loading=\"lazy\" decoding=\"async\" class=\"alignnone size-medium wp-image-439\" src=\"https:\/\/saintjeandelacommanderie.fr\/wp-content\/uploads\/2017\/01\/cat\u00e9ch\u00e8se_2-300x225.png\" alt=\"\" width=\"300\" height=\"225\" srcset=\"https:\/\/saintjeandelacommanderie.fr\/wp-content\/uploads\/2017\/01\/cat\u00e9ch\u00e8se_2-300x225.png 300w, https:\/\/saintjeandelacommanderie.fr\/wp-content\/uploads\/2017\/01\/cat\u00e9ch\u00e8se_2-768x576.png 768w, https:\/\/saintjeandelacommanderie.fr\/wp-content\/uploads\/2017\/01\/cat\u00e9ch\u00e8se_2.png 960w\" sizes=\"auto, (max-width: 300px) 100vw, 300px\" \/><\/p>\n<p>Un parcours est pr\u00e9vu pour les enfants qui se pr\u00e9parent \u00e0 la premi\u00e8re communion, lorsqu\u2019ils sont en <strong>deuxi\u00e8me ann\u00e9e de cat\u00e9chisme<\/strong>.<\/p>\n<p>Un <strong>groupe de CE1<\/strong> aborde une fois par mois des th\u00e9matiques qui leur sont propres, et qui font la transition entre <em>l\u2019\u00e9veil \u00e0 la Foi et le cat\u00e9chisme<\/em> qui est propos\u00e9 \u00e0 compter du CE2.<\/p>\n<p>De m\u00eame, depuis cette ann\u00e9e, un<strong> groupe de coll\u00e9giens<\/strong> se r\u00e9unit le dimanche matin une fois par mois et aborde de mani\u00e8re moderne les grandes questions qui se posent pour eux <em>autour de la Foi et de leur vie<\/em>.<\/p>\n<p>Plusieurs <strong>temps forts<\/strong> sont propos\u00e9s aux familles pour No\u00ebl, P\u00e2ques, et pour f\u00eater l\u2019ann\u00e9e de cat\u00e9chisme\u00a0: le format est le samedi de 15h30 \u00e0 17h00 et l\u2019apr\u00e8s-midi se termine toujours par un temps de convivialit\u00e9 et de f\u00eate autour d\u2019un go\u00fbter partag\u00e9\u00a0!<\/p>\n<p>Nous accueillons les enfants tout au long de l\u2019ann\u00e9e. N&rsquo;h\u00e9sitez pas \u00e0 nous contacter:<\/p>\n<ul>\n<li>pat t\u00e9l\u00e9phone <img loading=\"lazy\" decoding=\"async\" class=\"alignnone size-medium wp-image-51\" title=\"06.76.01.39.69\" src=\"https:\/\/saintjeandelacommanderie.fr\/wp-content\/uploads\/2017\/01\/telephone-bleu-300x300.png\" alt=\"06.76.01.39.69\" width=\"30\" height=\"30\" srcset=\"https:\/\/saintjeandelacommanderie.fr\/wp-content\/uploads\/2017\/01\/telephone-bleu-300x300.png 300w, https:\/\/saintjeandelacommanderie.fr\/wp-content\/uploads\/2017\/01\/telephone-bleu-150x150.png 150w, https:\/\/saintjeandelacommanderie.fr\/wp-content\/uploads\/2017\/01\/telephone-bleu-200x200.png 200w, https:\/\/saintjeandelacommanderie.fr\/wp-content\/uploads\/2017\/01\/telephone-bleu.png 392w\" sizes=\"auto, (max-width: 30px) 100vw, 30px\" \/><\/li>\n<li>en vous rendant au presbyt\u00e8re (cf <a href=\"https:\/\/saintjeandelacommanderie.fr\/?page_id=31\"><em>informations pratiques<\/em><\/a>)<\/li>\n<li>avec le formulaire de contact<\/li>\n<\/ul>\n\n<div class=\"wpcf7 no-js\" id=\"wpcf7-f443-o1\" lang=\"fr-FR\" dir=\"ltr\" data-wpcf7-id=\"443\">\n<div class=\"screen-reader-response\"><p role=\"status\" aria-live=\"polite\" aria-atomic=\"true\"><\/p> <ul><\/ul><\/div>\n<form action=\"\/index.php?rest_route=%2Fwp%2Fv2%2Fpages%2F145#wpcf7-f443-o1\" method=\"post\" class=\"wpcf7-form init\" aria-label=\"Formulaire de contact\" novalidate=\"novalidate\" data-status=\"init\">\n<fieldset class=\"hidden-fields-container\"><input type=\"hidden\" name=\"_wpcf7\" value=\"443\" \/><input type=\"hidden\" name=\"_wpcf7_version\" value=\"6.1.5\" \/><input type=\"hidden\" name=\"_wpcf7_locale\" value=\"fr_FR\" \/><input type=\"hidden\" name=\"_wpcf7_unit_tag\" value=\"wpcf7-f443-o1\" \/><input type=\"hidden\" name=\"_wpcf7_container_post\" value=\"0\" \/><input type=\"hidden\" name=\"_wpcf7_posted_data_hash\" value=\"\" \/>\n<\/fieldset>\n<p><label> Votre nom (obligatoire)<br \/>\n<span class=\"wpcf7-form-control-wrap\" data-name=\"your-name\"><input size=\"40\" maxlength=\"400\" class=\"wpcf7-form-control wpcf7-text wpcf7-validates-as-required\" aria-required=\"true\" aria-invalid=\"false\" value=\"\" type=\"text\" name=\"your-name\" \/><\/span> <\/label>\n<\/p>\n<p><label> Votre e-mail (obligatoire)<br \/>\n<span class=\"wpcf7-form-control-wrap\" data-name=\"your-email\"><input size=\"40\" maxlength=\"400\" class=\"wpcf7-form-control wpcf7-email wpcf7-validates-as-required wpcf7-text wpcf7-validates-as-email\" aria-required=\"true\" aria-invalid=\"false\" value=\"\" type=\"email\" name=\"your-email\" \/><\/span> <\/label>\n<\/p>\n<p><label> Sujet<br \/>\n<span class=\"wpcf7-form-control-wrap\" data-name=\"your-subject\"><input size=\"40\" maxlength=\"400\" class=\"wpcf7-form-control wpcf7-text\" aria-invalid=\"false\" value=\"\" type=\"text\" name=\"your-subject\" \/><\/span> <\/label>\n<\/p>\n<p><label> Votre message<br \/>\n<span class=\"wpcf7-form-control-wrap\" data-name=\"your-message\"><textarea cols=\"40\" rows=\"10\" maxlength=\"2000\" class=\"wpcf7-form-control wpcf7-textarea\" aria-invalid=\"false\" name=\"your-message\"><\/textarea><\/span> <\/label>\n<\/p>\n<p>Merci de recopier ces caract\u00e8res\n<\/p>\n<p><input type=\"hidden\" name=\"_wpcf7_captcha_challenge_captcha-567\" value=\"3779882569\" \/><img loading=\"lazy\" decoding=\"async\" class=\"wpcf7-form-control wpcf7-captchac wpcf7-captcha-captcha-567\" width=\"72\" height=\"24\" alt=\"captcha\" src=\"https:\/\/saintjeandelacommanderie.fr\/wp-content\/uploads\/wpcf7_captcha\/3779882569.png\" \/><span class=\"wpcf7-form-control-wrap\" data-name=\"captcha-567\"><input size=\"40\" class=\"wpcf7-form-control wpcf7-captchar\" autocomplete=\"off\" aria-invalid=\"false\" value=\"\" type=\"text\" name=\"captcha-567\" \/><\/span>\n<\/p>\n<p><input class=\"wpcf7-form-control wpcf7-submit has-spinner\" type=\"submit\" value=\"Envoyer\" \/>\n<\/p><div class=\"wpcf7-response-output\" aria-hidden=\"true\"><\/div>\n<\/form>\n<\/div>\n\n","protected":false},"excerpt":{"rendered":"<p>Le Cat\u00e9chisme, un rendez-vous qui donne du sens\u00a0! R\u00e9fl\u00e9chir sur le sens de sa vie, apprendre \u00e0 connaitre J\u00e9sus et cheminer avec lui, voil\u00e0 ce qu\u2019est le cat\u00e9chisme. Autour des animateurs et avec l\u2019aide des parents, une vingtaine d\u2019enfants se retrouvent tous les quinze jours, le dimanche matin de 10h30 \u00e0 12h00 salle paroissiale Cour &hellip; <a href=\"https:\/\/saintjeandelacommanderie.fr\/?page_id=145\" class=\"more-link\">Continuer la lecture de <span class=\"screen-reader-text\">Cat\u00e9ch\u00e8se<\/span><\/a><\/p>\n","protected":false},"author":1,"featured_media":0,"parent":31,"menu_order":3,"comment_status":"closed","ping_status":"closed","template":"","meta":{"footnotes":""},"class_list":["post-145","page","type-page","status-publish","hentry"],"publishpress_future_workflow_manual_trigger":{"enabledWorkflows":[]},"_links":{"self":[{"href":"https:\/\/saintjeandelacommanderie.fr\/index.php?rest_route=\/wp\/v2\/pages\/145","targetHints":{"allow":["GET"]}}],"collection":[{"href":"https:\/\/saintjeandelacommanderie.fr\/index.php?rest_route=\/wp\/v2\/pages"}],"about":[{"href":"https:\/\/saintjeandelacommanderie.fr\/index.php?rest_route=\/wp\/v2\/types\/page"}],"author":[{"embeddable":true,"href":"https:\/\/saintjeandelacommanderie.fr\/index.php?rest_route=\/wp\/v2\/users\/1"}],"replies":[{"embeddable":true,"href":"https:\/\/saintjeandelacommanderie.fr\/index.php?rest_route=%2Fwp%2Fv2%2Fcomments&post=145"}],"version-history":[{"count":8,"href":"https:\/\/saintjeandelacommanderie.fr\/index.php?rest_route=\/wp\/v2\/pages\/145\/revisions"}],"predecessor-version":[{"id":4465,"href":"https:\/\/saintjeandelacommanderie.fr\/index.php?rest_route=\/wp\/v2\/pages\/145\/revisions\/4465"}],"up":[{"embeddable":true,"href":"https:\/\/saintjeandelacommanderie.fr\/index.php?rest_route=\/wp\/v2\/pages\/31"}],"wp:attachment":[{"href":"https:\/\/saintjeandelacommanderie.fr\/index.php?rest_route=%2Fwp%2Fv2%2Fmedia&parent=145"}],"curies":[{"name":"wp","href":"https:\/\/api.w.org\/{rel}","templated":true}]}}