{"id":148,"date":"2017-01-19T14:58:53","date_gmt":"2017-01-19T13:58:53","guid":{"rendered":"http:\/\/saintjeandelacommanderie.fr\/?page_id=148"},"modified":"2018-10-25T18:08:33","modified_gmt":"2018-10-25T16:08:33","slug":"mariage","status":"publish","type":"page","link":"https:\/\/saintjeandelacommanderie.fr\/?page_id=148","title":{"rendered":"Mariage"},"content":{"rendered":"<figure id=\"attachment_387\" aria-describedby=\"caption-attachment-387\" style=\"width: 300px\" class=\"wp-caption alignleft\"><img loading=\"lazy\" decoding=\"async\" class=\"size-medium wp-image-387\" src=\"https:\/\/saintjeandelacommanderie.fr\/wp-content\/uploads\/2017\/01\/mariage-300x201.jpg\" alt=\"\" width=\"300\" height=\"201\" \/><figcaption id=\"caption-attachment-387\" class=\"wp-caption-text\"><strong>Le sacrement de mariage sanctifie l\u00b4union d\u00b4un homme et d\u00b4une femme et situe l\u00b4amour des \u00e9poux au c\u0153ur de l\u00b4amour de Dieu pour l\u00b4humanit\u00e9<\/strong><\/figcaption><\/figure>\n<p><strong>Le mariage est l\u2019alliance entre un homme et une femme unis par un m\u00eame amour<\/strong>.<\/p>\n<p>C\u2019est un engagement pris devant Dieu. La dignit\u00e9 de cet engagement s\u2019articule sur <strong>les quatre piliers<\/strong> que scelle l\u2019\u00e9change des consentements\u00a0:<\/p>\n<p style=\"text-align: center;\"><strong>la libert\u00e9, la fid\u00e9lit\u00e9, l\u2019indissolubilit\u00e9 et la f\u00e9condit\u00e9.<\/strong><\/p>\n<p>Chacun des fianc\u00e9s doit \u00eatre pleinement libre au moment de son engagement.<br \/>\nLes conjoints se promettent fid\u00e9lit\u00e9, et cette promesse est source de confiance r\u00e9ciproque.<\/p>\n<ul>\n<li><em>Signe du sacrement\u00a0<\/em>:\u00a0\u00a0\u00a0\u00a0\u00a0\u00a0\u00a0\u00a0 l\u00b4\u00e9change des consentements et des alliances.<\/li>\n<li><em>Paroles du sacrement\u00a0:\u00a0\u00a0\u00a0\u00a0\u00a0 \u00ab\u00a0<\/em>Je te re\u00e7ois comme \u00e9poux(se) et je me donne \u00e0 toi.\u00a0\u00bb<\/li>\n<li><em>Symbole du sacrement :\u00a0\u00a0\u00a0\u00a0 <\/em> l\u00b4engagement et la \u00a0vie conjugale du couple qui fait r\u00e9f\u00e9rence\u00a0\u00e0 l\u2019union\u00a0du Christ et de l\u00b4\u00c9glise.<\/li>\n<\/ul>\n<p style=\"text-align: center;\"><span style=\"color: #0000ff;\"><strong>Pour une demande de mariage \u00e0 la paroisse Saint-Jean de la Commanderie<\/strong><\/span><\/p>\n<p><strong>La<\/strong> <strong>demande<\/strong> est \u00e0 faire si possible un an avant la date choisie.<\/p>\n<p><strong>L\u2019inscription<\/strong>\u00a0: soit \u00e0 l\u2019accueil au presbyt\u00e8re, 24 rue Saint-L\u00e9on \u00e0 Nancy (Lundi \u00e0 Vendredi 16h \u00e0 18h, samedi 9h \u00e011h) ou t\u00e9l\u00e9phoner <img loading=\"lazy\" decoding=\"async\" class=\"alignnone size-medium wp-image-51\" title=\"03.83.40.24.50\" src=\"https:\/\/saintjeandelacommanderie.fr\/wp-content\/uploads\/2017\/01\/telephone-bleu-300x300.png\" alt=\"03.83.40.24.50\" width=\"30\" height=\"30\" srcset=\"https:\/\/saintjeandelacommanderie.fr\/wp-content\/uploads\/2017\/01\/telephone-bleu-300x300.png 300w, https:\/\/saintjeandelacommanderie.fr\/wp-content\/uploads\/2017\/01\/telephone-bleu-150x150.png 150w, https:\/\/saintjeandelacommanderie.fr\/wp-content\/uploads\/2017\/01\/telephone-bleu-200x200.png 200w, https:\/\/saintjeandelacommanderie.fr\/wp-content\/uploads\/2017\/01\/telephone-bleu.png 392w\" sizes=\"auto, (max-width: 30px) 100vw, 30px\" \/>, soit en remplissant le <a href=\"https:\/\/saintjeandelacommanderie.fr\/wp-content\/uploads\/2018\/10\/Formulaire-inscription-mariage.docx\">formulaire de demande<\/a> et en le joignant au <a href=\"https:\/\/saintjeandelacommanderie.fr\/?page_id=58\" target=\"_blank\" rel=\"noopener\">formulaire de contact<\/a> sur le site internet<\/p>\n<p><strong>La pr\u00e9paration\u00a0:<\/strong><br \/>\nElle demande plusieurs rencontres avec l\u2019\u00e9quipe de pr\u00e9paration et le c\u00e9l\u00e9brant.<\/p>\n<p>Elle commence en g\u00e9n\u00e9ral d\u00e9but mars.<\/p>\n<p>Enfin, il est toujours possible de c\u00e9l\u00e9brer le mariage hors paroisse, la demande est \u00e0 faire \u00e0 l\u2019inscription.<\/p>\n<p dir=\"LTR\"><strong>Le mariage civil\u00a0:<\/strong><\/p>\n<p>En France comme en de nombreux autres pays, le mariage religieux est subordonn\u00e9 \u00e0 la <em>c\u00e9l\u00e9bration pr\u00e9alable du mariage civil<\/em>.<\/p>\n<p>Des b\u00e9n\u00e9voles form\u00e9s, de l&rsquo;association apolitique et non confessionnelle <strong>Cap Mariage<\/strong> peuvent vous aider \u00e0 personnaliser votre mariage civil, vous faire d\u00e9couvrir les richesses des articles du Code Civil auxquels vous vous engagez, et aussi vous parler des contrats de mariage avec un notaire pr\u00e9sent.<\/p>\n<p>Pour plus de renseignements, n&rsquo;h\u00e9sitez-pas \u00e0 contacter : <a href=\"mailto:capmariage54@gmail.com\" target=\"_blank\" rel=\"noopener\">capmariage54@gmail.com<\/a><\/p>\n","protected":false},"excerpt":{"rendered":"<p>Le mariage est l\u2019alliance entre un homme et une femme unis par un m\u00eame amour. C\u2019est un engagement pris devant Dieu. La dignit\u00e9 de cet engagement s\u2019articule sur les quatre piliers que scelle l\u2019\u00e9change des consentements\u00a0: la libert\u00e9, la fid\u00e9lit\u00e9, l\u2019indissolubilit\u00e9 et la f\u00e9condit\u00e9. Chacun des fianc\u00e9s doit \u00eatre pleinement libre au moment de son &hellip; <a href=\"https:\/\/saintjeandelacommanderie.fr\/?page_id=148\" class=\"more-link\">Continuer la lecture de <span class=\"screen-reader-text\">Mariage<\/span><\/a><\/p>\n","protected":false},"author":1,"featured_media":0,"parent":0,"menu_order":4,"comment_status":"closed","ping_status":"closed","template":"","meta":{"footnotes":""},"class_list":["post-148","page","type-page","status-publish","hentry"],"publishpress_future_workflow_manual_trigger":{"enabledWorkflows":[]},"_links":{"self":[{"href":"https:\/\/saintjeandelacommanderie.fr\/index.php?rest_route=\/wp\/v2\/pages\/148","targetHints":{"allow":["GET"]}}],"collection":[{"href":"https:\/\/saintjeandelacommanderie.fr\/index.php?rest_route=\/wp\/v2\/pages"}],"about":[{"href":"https:\/\/saintjeandelacommanderie.fr\/index.php?rest_route=\/wp\/v2\/types\/page"}],"author":[{"embeddable":true,"href":"https:\/\/saintjeandelacommanderie.fr\/index.php?rest_route=\/wp\/v2\/users\/1"}],"replies":[{"embeddable":true,"href":"https:\/\/saintjeandelacommanderie.fr\/index.php?rest_route=%2Fwp%2Fv2%2Fcomments&post=148"}],"version-history":[{"count":12,"href":"https:\/\/saintjeandelacommanderie.fr\/index.php?rest_route=\/wp\/v2\/pages\/148\/revisions"}],"predecessor-version":[{"id":1633,"href":"https:\/\/saintjeandelacommanderie.fr\/index.php?rest_route=\/wp\/v2\/pages\/148\/revisions\/1633"}],"wp:attachment":[{"href":"https:\/\/saintjeandelacommanderie.fr\/index.php?rest_route=%2Fwp%2Fv2%2Fmedia&parent=148"}],"curies":[{"name":"wp","href":"https:\/\/api.w.org\/{rel}","templated":true}]}}