{"id":249,"date":"2017-01-26T21:19:33","date_gmt":"2017-01-26T20:19:33","guid":{"rendered":"http:\/\/saintjeandelacommanderie.fr\/?page_id=249"},"modified":"2021-09-13T11:38:33","modified_gmt":"2021-09-13T09:38:33","slug":"cours-alpha-couple","status":"publish","type":"page","link":"https:\/\/saintjeandelacommanderie.fr\/?page_id=249","title":{"rendered":"Cours Alpha couple"},"content":{"rendered":"<p>ANNONCE : Le parcours Alpha Couple est une exp\u00e9rience, tout en douceur, qui permet au couple de se retrouver, de prendre enfin un peu de temps \u00e0 deux, au cours de 7 d\u00eeners aux chandelles un mercredi<br \/>\nsur deux. Si vous souhaitez progresser dans la communication,<br \/>\nla connaissance et l&rsquo;amour de votre conjoint, inscrivez-vous au<br \/>\nparcours qui commence dans la paroisse le<span style=\"color: #ff0000;\"> <strong>21 f\u00e9vrier 2022<\/strong><\/span>,<br \/>\naupr\u00e8s d\u2019Anne-Lise P\u00e9lissier au <a href=\"mailto:lisethessa@hotmail.com\" target=\"_blank\" rel=\"noopener\">lisethessa@hotmail.com<\/a>.<\/p>\n<p><span style=\"color: #ff0000;\"><strong>C&rsquo;est quoi ?<\/strong><\/span><\/p>\n<p>C&rsquo;est une occasion de permettre \u00e0 votre couple de prendre du temps \u00e0 deux pour construire ou raffermir votre relation, consolider votre amour et lui donner les moyens de durer\u2026<\/p>\n<p><span style=\"color: #ff0000;\"><strong>C&rsquo;est pour qui ?<\/strong><\/span><\/p>\n<p>Ce parcours est ouvert \u00e0 tous les couples dont la relation dure depuis au moins trois ans, mari\u00e9s ou non, chr\u00e9tien ou non.<br \/>\n<span style=\"color: #ff0000;\"><strong>Comment \u00e7a se passe ?<\/strong><\/span><\/p>\n<p>Il y aura 8 rencontres sur le trimestre \u00e0 la salle Notre-Dame des Anges, \u00e0 gauche de l&rsquo;\u00e9glise Saint-L\u00e9on IX.<\/p>\n<p><strong><span style=\"color: #ff0000;\">Comment s\u2019inscrire\u00a0?<\/span> <\/strong><\/p>\n<p>Vous pouvez contacter Anne-Lise P\u00e9lissier<br \/>\n&#8211; en utilisant ce formulaire de contact personnalis\u00e9.<br \/>\n\n<div class=\"wpcf7 no-js\" id=\"wpcf7-f237-o1\" lang=\"fr-FR\" dir=\"ltr\" data-wpcf7-id=\"237\">\n<div class=\"screen-reader-response\"><p role=\"status\" aria-live=\"polite\" aria-atomic=\"true\"><\/p> <ul><\/ul><\/div>\n<form action=\"\/index.php?rest_route=%2Fwp%2Fv2%2Fpages%2F249#wpcf7-f237-o1\" method=\"post\" class=\"wpcf7-form init\" aria-label=\"Formulaire de contact\" novalidate=\"novalidate\" data-status=\"init\">\n<fieldset class=\"hidden-fields-container\"><input type=\"hidden\" name=\"_wpcf7\" value=\"237\" \/><input type=\"hidden\" name=\"_wpcf7_version\" value=\"6.1.6\" \/><input type=\"hidden\" name=\"_wpcf7_locale\" value=\"fr_FR\" \/><input type=\"hidden\" name=\"_wpcf7_unit_tag\" value=\"wpcf7-f237-o1\" \/><input type=\"hidden\" name=\"_wpcf7_container_post\" value=\"0\" \/><input type=\"hidden\" name=\"_wpcf7_posted_data_hash\" value=\"\" \/>\n<\/fieldset>\n<p><label> Votre nom (obligatoire)<br \/>\n<span class=\"wpcf7-form-control-wrap\" data-name=\"your-name\"><input size=\"40\" maxlength=\"400\" class=\"wpcf7-form-control wpcf7-text wpcf7-validates-as-required\" aria-required=\"true\" aria-invalid=\"false\" value=\"\" type=\"text\" name=\"your-name\" \/><\/span> <\/label>\n<\/p>\n<p><label> Votre e-mail (obligatoire)<br \/>\n<span class=\"wpcf7-form-control-wrap\" data-name=\"your-email\"><input size=\"40\" maxlength=\"400\" class=\"wpcf7-form-control wpcf7-email wpcf7-validates-as-required wpcf7-text wpcf7-validates-as-email\" aria-required=\"true\" aria-invalid=\"false\" value=\"\" type=\"email\" name=\"your-email\" \/><\/span> <\/label>\n<\/p>\n<p><label> Sujet<br \/>\n<span class=\"wpcf7-form-control-wrap\" data-name=\"your-subject\"><input size=\"40\" maxlength=\"400\" class=\"wpcf7-form-control wpcf7-text\" aria-invalid=\"false\" value=\"\" type=\"text\" name=\"your-subject\" \/><\/span> <\/label>\n<\/p>\n<p><label> Votre message<br \/>\n<span class=\"wpcf7-form-control-wrap\" data-name=\"your-message\"><textarea cols=\"40\" rows=\"10\" maxlength=\"2000\" class=\"wpcf7-form-control wpcf7-textarea\" aria-invalid=\"false\" name=\"your-message\"><\/textarea><\/span> <\/label>\n<\/p>\n<p>Merci de recopier ces caract\u00e8res\n<\/p>\n<p><input type=\"hidden\" name=\"_wpcf7_captcha_challenge_captcha-567\" value=\"1459099132\" \/><img loading=\"lazy\" decoding=\"async\" class=\"wpcf7-form-control wpcf7-captchac wpcf7-captcha-captcha-567\" width=\"72\" height=\"24\" alt=\"captcha\" src=\"https:\/\/saintjeandelacommanderie.fr\/wp-content\/uploads\/wpcf7_captcha\/1459099132.png\" \/><span class=\"wpcf7-form-control-wrap\" data-name=\"captcha-567\"><input size=\"40\" class=\"wpcf7-form-control wpcf7-captchar\" autocomplete=\"off\" aria-invalid=\"false\" value=\"\" type=\"text\" name=\"captcha-567\" \/><\/span>\n<\/p>\n<p><input class=\"wpcf7-form-control wpcf7-submit has-spinner\" type=\"submit\" value=\"Envoyer\" \/>\n<\/p><div class=\"wpcf7-response-output\" aria-hidden=\"true\"><\/div>\n<\/form>\n<\/div>\n<\/p>\n<h2 id=\"tablepress-2-name\" class=\"tablepress-table-name tablepress-table-name-id-2\">Calendrier des cours alpha couples<\/h2>\n\n<table id=\"tablepress-2\" class=\"tablepress tablepress-id-2\" aria-labelledby=\"tablepress-2-name\">\n<tbody class=\"row-striping row-hover\">\n<tr class=\"row-1\">\n\t<td class=\"column-1\">08-mars-17<\/td><td class=\"column-2\">Poser de bons fondements<\/td>\n<\/tr>\n<tr class=\"row-2\">\n\t<td class=\"column-1\">22-mars-17<\/td><td class=\"column-2\">L'art de la communication<\/td>\n<\/tr>\n<tr class=\"row-3\">\n\t<td class=\"column-1\">05-avr-17<\/td><td class=\"column-2\">La r\u00e9solution des conflits<\/td>\n<\/tr>\n<tr class=\"row-4\">\n\t<td class=\"column-1\">26-avr-17<\/td><td class=\"column-2\">La puissance du pardon<\/td>\n<\/tr>\n<tr class=\"row-5\">\n\t<td class=\"column-1\">03-mai-17<\/td><td class=\"column-2\">L'impact de la famille et de son histoire<\/td>\n<\/tr>\n<tr class=\"row-6\">\n\t<td class=\"column-1\">17-mai-17<\/td><td class=\"column-2\">Une sexualit\u00e9 de couple \u00e9panouie<\/td>\n<\/tr>\n<tr class=\"row-7\">\n\t<td class=\"column-1\">31-mai-17<\/td><td class=\"column-2\">Donner et recevoir de l'amour<\/td>\n<\/tr>\n<tr class=\"row-8\">\n\t<td class=\"column-1\">07-juin-17<\/td><td class=\"column-2\">Soir\u00e9e festive<\/td>\n<\/tr>\n<\/tbody>\n<\/table>\n<!-- #tablepress-2 from cache -->\n","protected":false},"excerpt":{"rendered":"<p>ANNONCE : Le parcours Alpha Couple est une exp\u00e9rience, tout en douceur, qui permet au couple de se retrouver, de prendre enfin un peu de temps \u00e0 deux, au cours de 7 d\u00eeners aux chandelles un mercredi sur deux. Si vous souhaitez progresser dans la communication, la connaissance et l&rsquo;amour de votre conjoint, inscrivez-vous au &hellip; <a href=\"https:\/\/saintjeandelacommanderie.fr\/?page_id=249\" class=\"more-link\">Continuer la lecture de <span class=\"screen-reader-text\">Cours Alpha couple<\/span><\/a><\/p>\n","protected":false},"author":1,"featured_media":250,"parent":27,"menu_order":0,"comment_status":"closed","ping_status":"closed","template":"","meta":{"footnotes":""},"class_list":["post-249","page","type-page","status-publish","has-post-thumbnail","hentry"],"publishpress_future_workflow_manual_trigger":{"enabledWorkflows":[]},"_links":{"self":[{"href":"https:\/\/saintjeandelacommanderie.fr\/index.php?rest_route=\/wp\/v2\/pages\/249","targetHints":{"allow":["GET"]}}],"collection":[{"href":"https:\/\/saintjeandelacommanderie.fr\/index.php?rest_route=\/wp\/v2\/pages"}],"about":[{"href":"https:\/\/saintjeandelacommanderie.fr\/index.php?rest_route=\/wp\/v2\/types\/page"}],"author":[{"embeddable":true,"href":"https:\/\/saintjeandelacommanderie.fr\/index.php?rest_route=\/wp\/v2\/users\/1"}],"replies":[{"embeddable":true,"href":"https:\/\/saintjeandelacommanderie.fr\/index.php?rest_route=%2Fwp%2Fv2%2Fcomments&post=249"}],"version-history":[{"count":8,"href":"https:\/\/saintjeandelacommanderie.fr\/index.php?rest_route=\/wp\/v2\/pages\/249\/revisions"}],"predecessor-version":[{"id":6889,"href":"https:\/\/saintjeandelacommanderie.fr\/index.php?rest_route=\/wp\/v2\/pages\/249\/revisions\/6889"}],"up":[{"embeddable":true,"href":"https:\/\/saintjeandelacommanderie.fr\/index.php?rest_route=\/wp\/v2\/pages\/27"}],"wp:featuredmedia":[{"embeddable":true,"href":"https:\/\/saintjeandelacommanderie.fr\/index.php?rest_route=\/wp\/v2\/media\/250"}],"wp:attachment":[{"href":"https:\/\/saintjeandelacommanderie.fr\/index.php?rest_route=%2Fwp%2Fv2%2Fmedia&parent=249"}],"curies":[{"name":"wp","href":"https:\/\/api.w.org\/{rel}","templated":true}]}}