{"id":25,"date":"2017-01-11T11:51:27","date_gmt":"2017-01-11T10:51:27","guid":{"rendered":"http:\/\/saintjeandelacommanderie.fr\/?page_id=25"},"modified":"2022-09-29T12:07:50","modified_gmt":"2022-09-29T10:07:50","slug":"la-paroisse","status":"publish","type":"page","link":"https:\/\/saintjeandelacommanderie.fr\/?page_id=25","title":{"rendered":"La Paroisse"},"content":{"rendered":"<div class=\"wp-block-image\">\n<figure class=\"alignleft\"><img loading=\"lazy\" decoding=\"async\" width=\"262\" height=\"300\" src=\"https:\/\/saintjeandelacommanderie.fr\/wp-content\/uploads\/2017\/01\/plan_paroisse-1-262x300.png\" alt=\"\" class=\"wp-image-419\"\/><\/figure>\n<\/div>\n\n\n<p>La <strong>paroisse Saint-Jean de la Commanderie<\/strong> couvre \u00e0 Nancy le quartier de la gare, de l&rsquo;avenue de la lib\u00e9ration \u00e0 l&rsquo;avenue du G\u00e9n\u00e9ral Leclerc, du nord au sud, et du cimeti\u00e8re de Pr\u00e9ville \u00e0 la gare Sncf, de l&rsquo;ouest \u00e0 l&rsquo;est, approximativement.<\/p>\n\n\n\n<p><\/p>\n\n\n\n<p><\/p>\n\n\n\n<p><\/p>\n\n\n\n<p>Elle comporte deux \u00e9glises:<\/p>\n\n\n\n<div class=\"wp-block-group\"><div class=\"wp-block-group__inner-container is-layout-flow wp-block-group-is-layout-flow\"><div class=\"wp-block-image size-full wp-image-64\">\n<figure class=\"aligncenter\"><img loading=\"lazy\" decoding=\"async\" width=\"180\" height=\"281\" src=\"https:\/\/saintjeandelacommanderie.fr\/wp-content\/uploads\/2017\/01\/Saint-Joseph.png\" alt=\"\" class=\"wp-image-64\"\/><figcaption>Saint-Joseph au Sud.<br><a href=\"https:\/\/saintjeandelacommanderie.fr\/?page_id=317\" target=\"_blank\" rel=\"noopener\">En savoir plus<\/a>&#8230;<\/figcaption><\/figure>\n<\/div>\n\n<div class=\"wp-block-image size-full wp-image-65\">\n<figure class=\"aligncenter\"><img loading=\"lazy\" decoding=\"async\" width=\"180\" height=\"280\" src=\"https:\/\/saintjeandelacommanderie.fr\/wp-content\/uploads\/2017\/01\/Saint-L\u00e9on.png\" alt=\"\" class=\"wp-image-65\"\/><figcaption>Saint-L\u00e9on, au nord.<br><a href=\"https:\/\/saintjeandelacommanderie.fr\/?page_id=306\" target=\"_blank\" rel=\"noopener\">En savoir plus<\/a>&#8230;<\/figcaption><\/figure>\n<\/div><\/div><\/div>\n\n\n\n<p><\/p>\n\n\n\n<p><\/p>\n\n\n\n<p><\/p>\n\n\n\n<p><\/p>\n\n\n\n<p><\/p>\n\n\n\n<p><\/p>\n\n\n\n<p><\/p>\n\n\n\n<p class=\"has-text-align-center\">Paroisse Saint-Jean de la Commanderie 24, rue Saint-L\u00e9on, 54000 Nancy<br>Contact : site Internet: <a rel=\"noreferrer noopener\" href=\"http:\/\/www.saintjeandelacommanderie.fr\" target=\"_blank\">http:\/\/www.saintjeandelacommanderie.fr<\/a><br>email paroissial : <a rel=\"noreferrer noopener\" href=\"mailto:paroisse.stjeancomma54@orange.fr\" target=\"_blank\">paroisse.stjeancomma54@orange.fr<\/a><br>Accueil Saint Joseph 07 83 34 68 48 &#8211; Jeudi de 10h \u00e0 11h30 sauf vacances scolaires.<br>Accueil St L\u00e9on 03 83 40 24 50 \u2013 mercredi de 9h \u00e0 11h sauf vacances scolaires<br>Lundi et vendredi de 16h \u00e0 18h &#8211; samedi de 9h \u00e0 11h sauf vacances scolaires<\/p>\n","protected":false},"excerpt":{"rendered":"<p>La paroisse Saint-Jean de la Commanderie couvre \u00e0 Nancy le quartier de la gare, de l&rsquo;avenue de la lib\u00e9ration \u00e0 l&rsquo;avenue du G\u00e9n\u00e9ral Leclerc, du nord au sud, et du cimeti\u00e8re de Pr\u00e9ville \u00e0 la gare Sncf, de l&rsquo;ouest \u00e0 l&rsquo;est, approximativement. Elle comporte deux \u00e9glises: Saint-Joseph au Sud.En savoir plus&#8230; Saint-L\u00e9on, au nord.En savoir &hellip; <a href=\"https:\/\/saintjeandelacommanderie.fr\/?page_id=25\" class=\"more-link\">Continuer la lecture de <span class=\"screen-reader-text\">La Paroisse<\/span><\/a><\/p>\n","protected":false},"author":1,"featured_media":0,"parent":0,"menu_order":1,"comment_status":"closed","ping_status":"closed","template":"","meta":{"footnotes":""},"class_list":["post-25","page","type-page","status-publish","hentry"],"publishpress_future_workflow_manual_trigger":{"enabledWorkflows":[]},"_links":{"self":[{"href":"https:\/\/saintjeandelacommanderie.fr\/index.php?rest_route=\/wp\/v2\/pages\/25","targetHints":{"allow":["GET"]}}],"collection":[{"href":"https:\/\/saintjeandelacommanderie.fr\/index.php?rest_route=\/wp\/v2\/pages"}],"about":[{"href":"https:\/\/saintjeandelacommanderie.fr\/index.php?rest_route=\/wp\/v2\/types\/page"}],"author":[{"embeddable":true,"href":"https:\/\/saintjeandelacommanderie.fr\/index.php?rest_route=\/wp\/v2\/users\/1"}],"replies":[{"embeddable":true,"href":"https:\/\/saintjeandelacommanderie.fr\/index.php?rest_route=%2Fwp%2Fv2%2Fcomments&post=25"}],"version-history":[{"count":16,"href":"https:\/\/saintjeandelacommanderie.fr\/index.php?rest_route=\/wp\/v2\/pages\/25\/revisions"}],"predecessor-version":[{"id":5142,"href":"https:\/\/saintjeandelacommanderie.fr\/index.php?rest_route=\/wp\/v2\/pages\/25\/revisions\/5142"}],"wp:attachment":[{"href":"https:\/\/saintjeandelacommanderie.fr\/index.php?rest_route=%2Fwp%2Fv2%2Fmedia&parent=25"}],"curies":[{"name":"wp","href":"https:\/\/api.w.org\/{rel}","templated":true}]}}