{"id":259,"date":"2017-01-26T21:48:55","date_gmt":"2017-01-26T20:48:55","guid":{"rendered":"http:\/\/saintjeandelacommanderie.fr\/?page_id=259"},"modified":"2017-02-04T12:11:43","modified_gmt":"2017-02-04T11:11:43","slug":"le-secours-catholique","status":"publish","type":"page","link":"https:\/\/saintjeandelacommanderie.fr\/?page_id=259","title":{"rendered":"Le Secours Catholique"},"content":{"rendered":"<p>Avec l\u2019aide de ses<span style=\"color: #3366ff;\"> donateur<\/span>s et de plus de<span style=\"color: #3366ff;\"> 50000 b\u00e9n\u00e9voles<\/span> actifs au service des plus d\u00e9sh\u00e9rit\u00e9s, chaque ann\u00e9e, le Secours Catholique soutient et accompagne plus d<span style=\"color: #3366ff;\">\u2019un million de personnes en France.<\/span><\/p>\n<p>Si vous souhaitez vous <span style=\"color: #3366ff;\">engager<\/span> au service des pauvres avec les b\u00e9n\u00e9voles du Secours Catholique, prenez contact avec la <a href=\"http:\/\/meurtheetmoselle.secours-catholique.org\/\" target=\"_blank\">D\u00e9l\u00e9gation de Meurthe &amp; Moselle<\/a>.<\/p>\n<p>Si vous souhaitez simplement en savoir plus, prenez contact avec Marl\u00e8ne Rocher ou V\u00e9ronique Hennequin, toutes deux b\u00e9n\u00e9voles r\u00e9sidant sur St-Jean de la Commanderie.<\/p>\n<p>Vous pouvez utiliser le formulaire suivant pour envoyer un message:<\/p>\n\n<div class=\"wpcf7 no-js\" id=\"wpcf7-f262-o1\" lang=\"fr-FR\" dir=\"ltr\" data-wpcf7-id=\"262\">\n<div class=\"screen-reader-response\"><p role=\"status\" aria-live=\"polite\" aria-atomic=\"true\"><\/p> <ul><\/ul><\/div>\n<form action=\"\/index.php?rest_route=%2Fwp%2Fv2%2Fpages%2F259#wpcf7-f262-o1\" method=\"post\" class=\"wpcf7-form init\" aria-label=\"Formulaire de contact\" novalidate=\"novalidate\" data-status=\"init\">\n<fieldset class=\"hidden-fields-container\"><input type=\"hidden\" name=\"_wpcf7\" value=\"262\" \/><input type=\"hidden\" name=\"_wpcf7_version\" value=\"6.1.5\" \/><input type=\"hidden\" name=\"_wpcf7_locale\" value=\"fr_FR\" \/><input type=\"hidden\" name=\"_wpcf7_unit_tag\" value=\"wpcf7-f262-o1\" \/><input type=\"hidden\" name=\"_wpcf7_container_post\" value=\"0\" \/><input type=\"hidden\" name=\"_wpcf7_posted_data_hash\" value=\"\" \/>\n<\/fieldset>\n<p><label> Votre nom (obligatoire)<br \/>\n<span class=\"wpcf7-form-control-wrap\" data-name=\"your-name\"><input size=\"40\" maxlength=\"400\" class=\"wpcf7-form-control wpcf7-text wpcf7-validates-as-required\" aria-required=\"true\" aria-invalid=\"false\" value=\"\" type=\"text\" name=\"your-name\" \/><\/span> <\/label>\n<\/p>\n<p><label> Votre e-mail (obligatoire)<br \/>\n<span class=\"wpcf7-form-control-wrap\" data-name=\"your-email\"><input size=\"40\" maxlength=\"400\" class=\"wpcf7-form-control wpcf7-email wpcf7-validates-as-required wpcf7-text wpcf7-validates-as-email\" aria-required=\"true\" aria-invalid=\"false\" value=\"\" type=\"email\" name=\"your-email\" \/><\/span> <\/label>\n<\/p>\n<p><label> Sujet<br \/>\n<span class=\"wpcf7-form-control-wrap\" data-name=\"your-subject\"><input size=\"40\" maxlength=\"400\" class=\"wpcf7-form-control wpcf7-text\" aria-invalid=\"false\" value=\"\" type=\"text\" name=\"your-subject\" \/><\/span> <\/label>\n<\/p>\n<p><label> Votre message<br \/>\n<span class=\"wpcf7-form-control-wrap\" data-name=\"your-message\"><textarea cols=\"40\" rows=\"10\" maxlength=\"2000\" class=\"wpcf7-form-control wpcf7-textarea\" aria-invalid=\"false\" name=\"your-message\"><\/textarea><\/span> <\/label>\n<\/p>\n<p>Merci de recopier ces caract\u00e8res\n<\/p>\n<p><input type=\"hidden\" name=\"_wpcf7_captcha_challenge_captcha-567\" value=\"2121757063\" \/><img loading=\"lazy\" decoding=\"async\" class=\"wpcf7-form-control wpcf7-captchac wpcf7-captcha-captcha-567\" width=\"72\" height=\"24\" alt=\"captcha\" src=\"https:\/\/saintjeandelacommanderie.fr\/wp-content\/uploads\/wpcf7_captcha\/2121757063.png\" \/><span class=\"wpcf7-form-control-wrap\" data-name=\"captcha-567\"><input size=\"40\" class=\"wpcf7-form-control wpcf7-captchar\" autocomplete=\"off\" aria-invalid=\"false\" value=\"\" type=\"text\" name=\"captcha-567\" \/><\/span>\n<\/p>\n<p><input class=\"wpcf7-form-control wpcf7-submit has-spinner\" type=\"submit\" value=\"Envoyer\" \/>\n<\/p><div class=\"wpcf7-response-output\" aria-hidden=\"true\"><\/div>\n<\/form>\n<\/div>\n\n","protected":false},"excerpt":{"rendered":"<p>Avec l\u2019aide de ses donateurs et de plus de 50000 b\u00e9n\u00e9voles actifs au service des plus d\u00e9sh\u00e9rit\u00e9s, chaque ann\u00e9e, le Secours Catholique soutient et accompagne plus d\u2019un million de personnes en France. Si vous souhaitez vous engager au service des pauvres avec les b\u00e9n\u00e9voles du Secours Catholique, prenez contact avec la D\u00e9l\u00e9gation de Meurthe &amp; &hellip; <a href=\"https:\/\/saintjeandelacommanderie.fr\/?page_id=259\" class=\"more-link\">Continuer la lecture de <span class=\"screen-reader-text\">Le Secours Catholique<\/span><\/a><\/p>\n","protected":false},"author":1,"featured_media":260,"parent":27,"menu_order":0,"comment_status":"closed","ping_status":"closed","template":"","meta":{"footnotes":""},"class_list":["post-259","page","type-page","status-publish","has-post-thumbnail","hentry"],"publishpress_future_workflow_manual_trigger":{"enabledWorkflows":[]},"_links":{"self":[{"href":"https:\/\/saintjeandelacommanderie.fr\/index.php?rest_route=\/wp\/v2\/pages\/259","targetHints":{"allow":["GET"]}}],"collection":[{"href":"https:\/\/saintjeandelacommanderie.fr\/index.php?rest_route=\/wp\/v2\/pages"}],"about":[{"href":"https:\/\/saintjeandelacommanderie.fr\/index.php?rest_route=\/wp\/v2\/types\/page"}],"author":[{"embeddable":true,"href":"https:\/\/saintjeandelacommanderie.fr\/index.php?rest_route=\/wp\/v2\/users\/1"}],"replies":[{"embeddable":true,"href":"https:\/\/saintjeandelacommanderie.fr\/index.php?rest_route=%2Fwp%2Fv2%2Fcomments&post=259"}],"version-history":[{"count":3,"href":"https:\/\/saintjeandelacommanderie.fr\/index.php?rest_route=\/wp\/v2\/pages\/259\/revisions"}],"predecessor-version":[{"id":335,"href":"https:\/\/saintjeandelacommanderie.fr\/index.php?rest_route=\/wp\/v2\/pages\/259\/revisions\/335"}],"up":[{"embeddable":true,"href":"https:\/\/saintjeandelacommanderie.fr\/index.php?rest_route=\/wp\/v2\/pages\/27"}],"wp:featuredmedia":[{"embeddable":true,"href":"https:\/\/saintjeandelacommanderie.fr\/index.php?rest_route=\/wp\/v2\/media\/260"}],"wp:attachment":[{"href":"https:\/\/saintjeandelacommanderie.fr\/index.php?rest_route=%2Fwp%2Fv2%2Fmedia&parent=259"}],"curies":[{"name":"wp","href":"https:\/\/api.w.org\/{rel}","templated":true}]}}