{"id":27,"date":"2017-01-11T11:52:39","date_gmt":"2017-01-11T10:52:39","guid":{"rendered":"http:\/\/saintjeandelacommanderie.fr\/?page_id=27"},"modified":"2019-02-07T22:16:44","modified_gmt":"2019-02-07T21:16:44","slug":"mouvements-et-initiatives","status":"publish","type":"page","link":"https:\/\/saintjeandelacommanderie.fr\/?page_id=27","title":{"rendered":"Mouvements et initiatives"},"content":{"rendered":"<p>Page en construction<\/p>\n<ul>\n<li>Service de l&rsquo;accueil.<\/li>\n<\/ul>\n<p>Mouvements :<\/p>\n<ul>\n<li><a href=\"https:\/\/saintjeandelacommanderie.fr\/?page_id=249\" target=\"_blank\" rel=\"noopener\">Alpha Couples<\/a><\/li>\n<li><a href=\"https:\/\/saintjeandelacommanderie.fr\/?page_id=581\" target=\"_blank\" rel=\"noopener\">Chemin Neuf<\/a><\/li>\n<li><a href=\"https:\/\/saintjeandelacommanderie.fr\/?page_id=233\" target=\"_blank\" rel=\"noopener\">Cours Alpha<\/a><\/li>\n<li><a href=\"https:\/\/saintjeandelacommanderie.fr\/?page_id=265\" target=\"_blank\" rel=\"noopener\">\u00c9quipes Notre-Dame<\/a><\/li>\n<li><a href=\"http:\/\/foyersetudiants.org\/nancy-assomption\/index.html#foyer\" target=\"_blank\" rel=\"noopener\">Foyer de l&rsquo;Assomption<\/a><\/li>\n<li><a href=\"https:\/\/saintjeandelacommanderie.fr\/?page_id=557\" target=\"_blank\" rel=\"noopener\">Fraternit\u00e9 paroissiale<\/a><\/li>\n<li><a href=\"https:\/\/saintjeandelacommanderie.fr\/?page_id=408\" target=\"_blank\" rel=\"noopener\">Jeunes familles<\/a><\/li>\n<li><a href=\"http:\/\/blogs.sgdf.fr\/groupe13nancystleon\/\" target=\"_blank\" rel=\"noopener\">Scouts de France<\/a><\/li>\n<li><a href=\"https:\/\/saintjeandelacommanderie.fr\/?page_id=259\" target=\"_blank\" rel=\"noopener\">Secours Catholique<\/a><\/li>\n<li><a href=\"https:\/\/saintjeandelacommanderie.fr\/?page_id=2052\">Service \u00c9vang\u00e9lique des Malades<\/a><\/li>\n<li><a href=\"https:\/\/saintjeandelacommanderie.fr\/?page_id=274\" target=\"_blank\" rel=\"noopener\">S\u00e8ve<\/a><\/li>\n<li><a href=\"https:\/\/saintjeandelacommanderie.fr\/?page_id=369\" target=\"_blank\" rel=\"noopener\">S\u0153urs Missionnaires du Christ R\u00e9dempteur<\/a><\/li>\n<\/ul>\n<p>Voir aussi tous les autres <a href=\"http:\/\/www.catholique-nancy.fr\/pour-agir-et-echanger\" target=\"_blank\" rel=\"noopener\">mouvements sur le site du dioc\u00e8se<\/a>.<\/p>\n","protected":false},"excerpt":{"rendered":"<p>Page en construction Service de l&rsquo;accueil. Mouvements : Alpha Couples Chemin Neuf Cours Alpha \u00c9quipes Notre-Dame Foyer de l&rsquo;Assomption Fraternit\u00e9 paroissiale Jeunes familles Scouts de France Secours Catholique Service \u00c9vang\u00e9lique des Malades S\u00e8ve S\u0153urs Missionnaires du Christ R\u00e9dempteur Voir aussi tous les autres mouvements sur le site du dioc\u00e8se.<\/p>\n","protected":false},"author":1,"featured_media":0,"parent":0,"menu_order":2,"comment_status":"closed","ping_status":"closed","template":"","meta":{"footnotes":""},"class_list":["post-27","page","type-page","status-publish","hentry"],"publishpress_future_workflow_manual_trigger":{"enabledWorkflows":[]},"_links":{"self":[{"href":"https:\/\/saintjeandelacommanderie.fr\/index.php?rest_route=\/wp\/v2\/pages\/27","targetHints":{"allow":["GET"]}}],"collection":[{"href":"https:\/\/saintjeandelacommanderie.fr\/index.php?rest_route=\/wp\/v2\/pages"}],"about":[{"href":"https:\/\/saintjeandelacommanderie.fr\/index.php?rest_route=\/wp\/v2\/types\/page"}],"author":[{"embeddable":true,"href":"https:\/\/saintjeandelacommanderie.fr\/index.php?rest_route=\/wp\/v2\/users\/1"}],"replies":[{"embeddable":true,"href":"https:\/\/saintjeandelacommanderie.fr\/index.php?rest_route=%2Fwp%2Fv2%2Fcomments&post=27"}],"version-history":[{"count":25,"href":"https:\/\/saintjeandelacommanderie.fr\/index.php?rest_route=\/wp\/v2\/pages\/27\/revisions"}],"predecessor-version":[{"id":2055,"href":"https:\/\/saintjeandelacommanderie.fr\/index.php?rest_route=\/wp\/v2\/pages\/27\/revisions\/2055"}],"wp:attachment":[{"href":"https:\/\/saintjeandelacommanderie.fr\/index.php?rest_route=%2Fwp%2Fv2%2Fmedia&parent=27"}],"curies":[{"name":"wp","href":"https:\/\/api.w.org\/{rel}","templated":true}]}}