{"id":274,"date":"2017-01-26T22:01:55","date_gmt":"2017-01-26T21:01:55","guid":{"rendered":"http:\/\/saintjeandelacommanderie.fr\/?page_id=274"},"modified":"2017-01-26T22:01:55","modified_gmt":"2017-01-26T21:01:55","slug":"seve","status":"publish","type":"page","link":"https:\/\/saintjeandelacommanderie.fr\/?page_id=274","title":{"rendered":"S\u00c8VE"},"content":{"rendered":"<p>Le Mouvement S\u00e8ve est un <span style=\"color: #008000;\">mouvement \u0153cum\u00e9nique de la\u00efcs chr\u00e9tiens<\/span> dont le projet est de faire advenir la communion fraternelle entre tous.<\/p>\n<p>La vocation de S\u00e8ve est r\u00e9sum\u00e9e dans sa devise\u00a0: <span style=\"color: #008000;\">\u00catre \u2013 Aimer \u2013 Servir \u2013 Unir<\/span> pour faire se rejoindre la Foi et la Vie.<\/p>\n<p>Fond\u00e9 par Marguerite Hoppenot en 1938 \u00e0 l\u2019appel du cardinal Verdier, c\u2019est un mouvement de vie qui \u00e9veille l\u2019\u00eatre humain \u00e0 sa <span style=\"color: #008000;\">dimension humaine et spirituelle.<\/span><\/p>\n<p>Ce chemin de vie se vit au sein d\u2019\u00e9quipes fraternelles de tous \u00e2ges au cours de r\u00e9unions mensuelles. La p\u00e9dagogie qui part de l\u2019\u00eatre aide chacun \u00e0 se convertir \u00e0 l\u2019amour.<\/p>\n<p>S\u00e8ve est pr\u00e9sent \u00e0 Nancy depuis 40 ans. Si ce chemin rejoint vos soifs, contactez Mijo Touvet \u00e0 l&rsquo;aide du formulaire ci-dessous.<\/p>\n<p>Et pour en savoir plus, regardez le <a href=\"http:\/\/www.mouvement-seve.fr\/\" target=\"_blank\">site internet du Mouvement<\/a>.<\/p>\n\n<div class=\"wpcf7 no-js\" id=\"wpcf7-f277-o1\" lang=\"fr-FR\" dir=\"ltr\" data-wpcf7-id=\"277\">\n<div class=\"screen-reader-response\"><p role=\"status\" aria-live=\"polite\" aria-atomic=\"true\"><\/p> <ul><\/ul><\/div>\n<form action=\"\/index.php?rest_route=%2Fwp%2Fv2%2Fpages%2F274#wpcf7-f277-o1\" method=\"post\" class=\"wpcf7-form init\" aria-label=\"Formulaire de contact\" novalidate=\"novalidate\" data-status=\"init\">\n<fieldset class=\"hidden-fields-container\"><input type=\"hidden\" name=\"_wpcf7\" value=\"277\" \/><input type=\"hidden\" name=\"_wpcf7_version\" value=\"6.1.5\" \/><input type=\"hidden\" name=\"_wpcf7_locale\" value=\"fr_FR\" \/><input type=\"hidden\" name=\"_wpcf7_unit_tag\" value=\"wpcf7-f277-o1\" \/><input type=\"hidden\" name=\"_wpcf7_container_post\" value=\"0\" \/><input type=\"hidden\" name=\"_wpcf7_posted_data_hash\" value=\"\" \/>\n<\/fieldset>\n<p><label> Votre nom (obligatoire)<br \/>\n<span class=\"wpcf7-form-control-wrap\" data-name=\"your-name\"><input size=\"40\" maxlength=\"400\" class=\"wpcf7-form-control wpcf7-text wpcf7-validates-as-required\" aria-required=\"true\" aria-invalid=\"false\" value=\"\" type=\"text\" name=\"your-name\" \/><\/span> <\/label>\n<\/p>\n<p><label> Votre e-mail (obligatoire)<br \/>\n<span class=\"wpcf7-form-control-wrap\" data-name=\"your-email\"><input size=\"40\" maxlength=\"400\" class=\"wpcf7-form-control wpcf7-email wpcf7-validates-as-required wpcf7-text wpcf7-validates-as-email\" aria-required=\"true\" aria-invalid=\"false\" value=\"\" type=\"email\" name=\"your-email\" \/><\/span> <\/label>\n<\/p>\n<p><label> Sujet<br \/>\n<span class=\"wpcf7-form-control-wrap\" data-name=\"your-subject\"><input size=\"40\" maxlength=\"400\" class=\"wpcf7-form-control wpcf7-text\" aria-invalid=\"false\" value=\"\" type=\"text\" name=\"your-subject\" \/><\/span> <\/label>\n<\/p>\n<p><label> Votre message<br \/>\n<span class=\"wpcf7-form-control-wrap\" data-name=\"your-message\"><textarea cols=\"40\" rows=\"10\" maxlength=\"2000\" class=\"wpcf7-form-control wpcf7-textarea\" aria-invalid=\"false\" name=\"your-message\"><\/textarea><\/span> <\/label>\n<\/p>\n<p>Merci de recopier ces caract\u00e8res\n<\/p>\n<p><input type=\"hidden\" name=\"_wpcf7_captcha_challenge_captcha-567\" value=\"3053922991\" \/><img loading=\"lazy\" decoding=\"async\" class=\"wpcf7-form-control wpcf7-captchac wpcf7-captcha-captcha-567\" width=\"72\" height=\"24\" alt=\"captcha\" src=\"https:\/\/saintjeandelacommanderie.fr\/wp-content\/uploads\/wpcf7_captcha\/3053922991.png\" \/><span class=\"wpcf7-form-control-wrap\" data-name=\"captcha-567\"><input size=\"40\" class=\"wpcf7-form-control wpcf7-captchar\" autocomplete=\"off\" aria-invalid=\"false\" value=\"\" type=\"text\" name=\"captcha-567\" \/><\/span>\n<\/p>\n<p><input class=\"wpcf7-form-control wpcf7-submit has-spinner\" type=\"submit\" value=\"Envoyer\" \/>\n<\/p><div class=\"wpcf7-response-output\" aria-hidden=\"true\"><\/div>\n<\/form>\n<\/div>\n\n","protected":false},"excerpt":{"rendered":"<p>Le Mouvement S\u00e8ve est un mouvement \u0153cum\u00e9nique de la\u00efcs chr\u00e9tiens dont le projet est de faire advenir la communion fraternelle entre tous. La vocation de S\u00e8ve est r\u00e9sum\u00e9e dans sa devise\u00a0: \u00catre \u2013 Aimer \u2013 Servir \u2013 Unir pour faire se rejoindre la Foi et la Vie. Fond\u00e9 par Marguerite Hoppenot en 1938 \u00e0 l\u2019appel &hellip; <a href=\"https:\/\/saintjeandelacommanderie.fr\/?page_id=274\" class=\"more-link\">Continuer la lecture de <span class=\"screen-reader-text\">S\u00c8VE<\/span><\/a><\/p>\n","protected":false},"author":1,"featured_media":275,"parent":27,"menu_order":0,"comment_status":"closed","ping_status":"closed","template":"","meta":{"footnotes":""},"class_list":["post-274","page","type-page","status-publish","has-post-thumbnail","hentry"],"publishpress_future_workflow_manual_trigger":{"enabledWorkflows":[]},"_links":{"self":[{"href":"https:\/\/saintjeandelacommanderie.fr\/index.php?rest_route=\/wp\/v2\/pages\/274","targetHints":{"allow":["GET"]}}],"collection":[{"href":"https:\/\/saintjeandelacommanderie.fr\/index.php?rest_route=\/wp\/v2\/pages"}],"about":[{"href":"https:\/\/saintjeandelacommanderie.fr\/index.php?rest_route=\/wp\/v2\/types\/page"}],"author":[{"embeddable":true,"href":"https:\/\/saintjeandelacommanderie.fr\/index.php?rest_route=\/wp\/v2\/users\/1"}],"replies":[{"embeddable":true,"href":"https:\/\/saintjeandelacommanderie.fr\/index.php?rest_route=%2Fwp%2Fv2%2Fcomments&post=274"}],"version-history":[{"count":2,"href":"https:\/\/saintjeandelacommanderie.fr\/index.php?rest_route=\/wp\/v2\/pages\/274\/revisions"}],"predecessor-version":[{"id":278,"href":"https:\/\/saintjeandelacommanderie.fr\/index.php?rest_route=\/wp\/v2\/pages\/274\/revisions\/278"}],"up":[{"embeddable":true,"href":"https:\/\/saintjeandelacommanderie.fr\/index.php?rest_route=\/wp\/v2\/pages\/27"}],"wp:featuredmedia":[{"embeddable":true,"href":"https:\/\/saintjeandelacommanderie.fr\/index.php?rest_route=\/wp\/v2\/media\/275"}],"wp:attachment":[{"href":"https:\/\/saintjeandelacommanderie.fr\/index.php?rest_route=%2Fwp%2Fv2%2Fmedia&parent=274"}],"curies":[{"name":"wp","href":"https:\/\/api.w.org\/{rel}","templated":true}]}}