{"id":36,"date":"2017-01-11T11:58:16","date_gmt":"2017-01-11T10:58:16","guid":{"rendered":"http:\/\/saintjeandelacommanderie.fr\/?page_id=36"},"modified":"2023-05-24T16:14:58","modified_gmt":"2023-05-24T14:14:58","slug":"documents-de-travail","status":"publish","type":"page","link":"https:\/\/saintjeandelacommanderie.fr\/?page_id=36","title":{"rendered":"Archives des feuilles de chant"},"content":{"rendered":"<p><a href=\"https:\/\/saintjeandelacommanderie.fr\/?page_id=462\" target=\"_blank\" rel=\"noopener noreferrer\">2016 Ann\u00e9e C<\/a><\/p>\n<p><a href=\"https:\/\/saintjeandelacommanderie.fr\/?page_id=593\" target=\"_blank\" rel=\"noopener noreferrer\">2017 Ann\u00e9e A<\/a><\/p>\n<p><a href=\"https:\/\/saintjeandelacommanderie.fr\/?page_id=1322\" target=\"_blank\" rel=\"noopener noreferrer\">2018 Ann\u00e9e B<\/a><\/p>\n<p><a href=\"https:\/\/saintjeandelacommanderie.fr\/?page_id=2202\" target=\"_blank\" rel=\"noopener noreferrer\">2019 Ann\u00e9e C<\/a><\/p>\n<p><a href=\"https:\/\/saintjeandelacommanderie.fr\/?page_id=2969\" target=\"_blank\" rel=\"noopener noreferrer\">2020 Ann\u00e9e A<\/a><\/p>\n<p><a href=\"https:\/\/saintjeandelacommanderie.fr\/?page_id=3981\">2021 Ann\u00e9e B<\/a><\/p>\n<p><a href=\"https:\/\/saintjeandelacommanderie.fr\/?page_id=4627\" target=\"_blank\" rel=\"noopener\">2022 Ann\u00e9e C<\/a><\/p>\n<p><a href=\"https:\/\/saintjeandelacommanderie.fr\/?page_id=5468\" target=\"_blank\" rel=\"noopener noreferrer\">2023 Ann\u00e9e A<\/a><\/p>\n\n\n<p><\/p>\n","protected":false},"excerpt":{"rendered":"<p>2016 Ann\u00e9e C 2017 Ann\u00e9e A 2018 Ann\u00e9e B 2019 Ann\u00e9e C 2020 Ann\u00e9e A 2021 Ann\u00e9e B 2022 Ann\u00e9e C 2023 Ann\u00e9e A<\/p>\n","protected":false},"author":1,"featured_media":0,"parent":29,"menu_order":6,"comment_status":"closed","ping_status":"closed","template":"","meta":{"footnotes":""},"class_list":["post-36","page","type-page","status-publish","hentry"],"publishpress_future_workflow_manual_trigger":{"enabledWorkflows":[]},"_links":{"self":[{"href":"https:\/\/saintjeandelacommanderie.fr\/index.php?rest_route=\/wp\/v2\/pages\/36","targetHints":{"allow":["GET"]}}],"collection":[{"href":"https:\/\/saintjeandelacommanderie.fr\/index.php?rest_route=\/wp\/v2\/pages"}],"about":[{"href":"https:\/\/saintjeandelacommanderie.fr\/index.php?rest_route=\/wp\/v2\/types\/page"}],"author":[{"embeddable":true,"href":"https:\/\/saintjeandelacommanderie.fr\/index.php?rest_route=\/wp\/v2\/users\/1"}],"replies":[{"embeddable":true,"href":"https:\/\/saintjeandelacommanderie.fr\/index.php?rest_route=%2Fwp%2Fv2%2Fcomments&post=36"}],"version-history":[{"count":16,"href":"https:\/\/saintjeandelacommanderie.fr\/index.php?rest_route=\/wp\/v2\/pages\/36\/revisions"}],"predecessor-version":[{"id":5530,"href":"https:\/\/saintjeandelacommanderie.fr\/index.php?rest_route=\/wp\/v2\/pages\/36\/revisions\/5530"}],"up":[{"embeddable":true,"href":"https:\/\/saintjeandelacommanderie.fr\/index.php?rest_route=\/wp\/v2\/pages\/29"}],"wp:attachment":[{"href":"https:\/\/saintjeandelacommanderie.fr\/index.php?rest_route=%2Fwp%2Fv2%2Fmedia&parent=36"}],"curies":[{"name":"wp","href":"https:\/\/api.w.org\/{rel}","templated":true}]}}