{"id":369,"date":"2017-03-01T14:45:43","date_gmt":"2017-03-01T13:45:43","guid":{"rendered":"http:\/\/saintjeandelacommanderie.fr\/?page_id=369"},"modified":"2017-03-09T11:30:24","modified_gmt":"2017-03-09T10:30:24","slug":"les-soeurs-missionnaires-du-christ-redempteur","status":"publish","type":"page","link":"https:\/\/saintjeandelacommanderie.fr\/?page_id=369","title":{"rendered":"Les s\u0153urs missionnaires du Christ R\u00e9dempteur"},"content":{"rendered":"<h4 style=\"text-align: center;\">Par notre vie consacr\u00e9e \u00e0 Dieu, par notre mission, nous d\u00e9sirons rejoindre la personne, dans toutes les dimensions de sa vie, pour lui permettre de rencontrer le Christ R\u00e9dempteur, se laisser sauver par lui et devenir son disciple.<\/h4>\n<p><img loading=\"lazy\" decoding=\"async\" class=\"wp-image-370 aligncenter\" src=\"https:\/\/saintjeandelacommanderie.fr\/wp-content\/uploads\/2017\/03\/SigleSMCR-300x226.png\" alt=\"\" width=\"244\" height=\"184\" srcset=\"https:\/\/saintjeandelacommanderie.fr\/wp-content\/uploads\/2017\/03\/SigleSMCR-300x226.png 300w, https:\/\/saintjeandelacommanderie.fr\/wp-content\/uploads\/2017\/03\/SigleSMCR-768x579.png 768w, https:\/\/saintjeandelacommanderie.fr\/wp-content\/uploads\/2017\/03\/SigleSMCR.png 849w\" sizes=\"auto, (max-width: 244px) 100vw, 244px\" \/><\/p>\n<p>Nous sommes S\u0153ur Ruth et S\u0153ur Tabitha. Nous fondons une soci\u00e9t\u00e9 de vie apostolique \u00ab<strong><em> les S\u0153urs Missionnaires du Christ R\u00e9dempteur<\/em> <\/strong>\u00bb, nous sommes accueillies et accompagn\u00e9es dans cette d\u00e9marche par Mgr Papin.<br \/>\nNous habitons au premier \u00e9tage du presbyt\u00e8re de l\u2019\u00e9glise Saint L\u00e9on, o\u00f9 nous h\u00e9bergeons deux \u00e9tudiantes.<br \/>\nNotre vie est partag\u00e9e entre le travail, la pri\u00e8re personnelle et communautaire, la vie fraternelle et la mission.<br \/>\nLocalement, nous participons \u00e0 la vie de la paroisse.<strong> Nous animons des veill\u00e9es de pri\u00e8re \u00ab Gloria \u00bb,<\/strong> dont le but est de vivre un temps d\u2019intimit\u00e9 avec Dieu et de nourriture spirituelle au travers de la louange, des t\u00e9moignages et de la pr\u00e9dication.<\/p>\n<p style=\"padding-left: 30px;\"><em>Ces veill\u00e9es sont adress\u00e9es \u00e0 toutes les g\u00e9n\u00e9rations et sont l\u2019occasion de partager un temps de pri\u00e8re dans l\u2019unit\u00e9 et la communion fraternelle. Elles ont lieu chaque deuxi\u00e8me vendredi du mois \u00e0 20h \u00e0 la salle Notre-Dame des Anges.<br \/>\n<\/em><\/p>\n<p>Notre mission est orient\u00e9e plus sp\u00e9cialement vers les 18-30 ans, pour leur apporter l\u2019accompagnement et la formation dont ils ont besoins \u00e0 cette p\u00e9riode charni\u00e8re de leur vie, tant sur le plan spirituel qu\u2019humain.<br \/>\nPlus largement nous r\u00e9pondons \u00e0 diff\u00e9rentes missions qui nous sont demand\u00e9es aussi bien en France qu\u2019\u00e0 l\u2019\u00e9tranger.<\/p>\n<p>Vous pouvez nous retrouver sur notre page Facebook \u00ab S\u0153urs Missionnaires du Christ R\u00e9dempteur \u00bb ; ou nous <a href=\"mailto:smcrnancy@gmail.com\">\u00e9crire <\/a>.<\/p>\n<p>En union de pri\u00e8re !<\/p>\n<p><img loading=\"lazy\" decoding=\"async\" class=\"alignnone size-medium wp-image-371\" src=\"https:\/\/saintjeandelacommanderie.fr\/wp-content\/uploads\/2017\/03\/20170202_152935-300x169.jpg\" alt=\"\" width=\"300\" height=\"169\" srcset=\"https:\/\/saintjeandelacommanderie.fr\/wp-content\/uploads\/2017\/03\/20170202_152935-300x169.jpg 300w, https:\/\/saintjeandelacommanderie.fr\/wp-content\/uploads\/2017\/03\/20170202_152935-768x432.jpg 768w, https:\/\/saintjeandelacommanderie.fr\/wp-content\/uploads\/2017\/03\/20170202_152935-1024x576.jpg 1024w, https:\/\/saintjeandelacommanderie.fr\/wp-content\/uploads\/2017\/03\/20170202_152935.jpg 1920w\" sizes=\"auto, (max-width: 300px) 100vw, 300px\" \/><\/p>\n","protected":false},"excerpt":{"rendered":"<p>Par notre vie consacr\u00e9e \u00e0 Dieu, par notre mission, nous d\u00e9sirons rejoindre la personne, dans toutes les dimensions de sa vie, pour lui permettre de rencontrer le Christ R\u00e9dempteur, se laisser sauver par lui et devenir son disciple. Nous sommes S\u0153ur Ruth et S\u0153ur Tabitha. Nous fondons une soci\u00e9t\u00e9 de vie apostolique \u00ab les S\u0153urs &hellip; <a href=\"https:\/\/saintjeandelacommanderie.fr\/?page_id=369\" class=\"more-link\">Continuer la lecture de <span class=\"screen-reader-text\">Les s\u0153urs missionnaires du Christ R\u00e9dempteur<\/span><\/a><\/p>\n","protected":false},"author":1,"featured_media":0,"parent":27,"menu_order":0,"comment_status":"closed","ping_status":"closed","template":"","meta":{"footnotes":""},"class_list":["post-369","page","type-page","status-publish","hentry"],"publishpress_future_workflow_manual_trigger":{"enabledWorkflows":[]},"_links":{"self":[{"href":"https:\/\/saintjeandelacommanderie.fr\/index.php?rest_route=\/wp\/v2\/pages\/369","targetHints":{"allow":["GET"]}}],"collection":[{"href":"https:\/\/saintjeandelacommanderie.fr\/index.php?rest_route=\/wp\/v2\/pages"}],"about":[{"href":"https:\/\/saintjeandelacommanderie.fr\/index.php?rest_route=\/wp\/v2\/types\/page"}],"author":[{"embeddable":true,"href":"https:\/\/saintjeandelacommanderie.fr\/index.php?rest_route=\/wp\/v2\/users\/1"}],"replies":[{"embeddable":true,"href":"https:\/\/saintjeandelacommanderie.fr\/index.php?rest_route=%2Fwp%2Fv2%2Fcomments&post=369"}],"version-history":[{"count":2,"href":"https:\/\/saintjeandelacommanderie.fr\/index.php?rest_route=\/wp\/v2\/pages\/369\/revisions"}],"predecessor-version":[{"id":427,"href":"https:\/\/saintjeandelacommanderie.fr\/index.php?rest_route=\/wp\/v2\/pages\/369\/revisions\/427"}],"up":[{"embeddable":true,"href":"https:\/\/saintjeandelacommanderie.fr\/index.php?rest_route=\/wp\/v2\/pages\/27"}],"wp:attachment":[{"href":"https:\/\/saintjeandelacommanderie.fr\/index.php?rest_route=%2Fwp%2Fv2%2Fmedia&parent=369"}],"curies":[{"name":"wp","href":"https:\/\/api.w.org\/{rel}","templated":true}]}}