{"id":5295,"date":"2023-01-13T11:27:11","date_gmt":"2023-01-13T10:27:11","guid":{"rendered":"https:\/\/saintjeandelacommanderie.fr\/?page_id=5295"},"modified":"2023-01-13T11:27:11","modified_gmt":"2023-01-13T10:27:11","slug":"chants-pour-le-temps-ordinaire-2023","status":"publish","type":"page","link":"https:\/\/saintjeandelacommanderie.fr\/?page_id=5295","title":{"rendered":"Chants pour le Temps Ordinaire 2023"},"content":{"rendered":"\n<!-- G\u00e9n\u00e9ration r\u00e9alis\u00e9e avec Document Gallery. Obtenez votre version ici :http:\/\/wordpress.org\/extend\/plugins\/document-gallery -->\n<div id=\"document-gallery-1\" class=\"document-gallery\" data-shortcode='{\"id\":5295,\"include\":\"5341,5340,5339,5338,5337,5336,5335,5334,5333,5332,5331,5330,5329,5328,5327,5326,5325,5324,5323,5322,5321,5320,5319,5318,5317,5316,5315,5314,5313,5312,5311,5310,5309,5308,5307,5306,5305,5304,5303,5302,5301,5300\",\"exclude\":\"\",\"columns\":4,\"fancy\":true,\"order\":\"ASC\",\"orderby\":\"name\",\"relation\":\"AND\",\"limit\":-1,\"mime_types\":\"application,video,text,audio,image\",\"new_window\":true,\"paginate\":true,\"post_status\":\"any\",\"post_type\":\"attachment\",\"attachment_pg\":false,\"descriptions\":false,\"skip\":0}' style='--dg-icon-width: 24%'>\n<div class='document-icon-row'>\n   <div class=\"document-icon\">\n      <a href=\"https:\/\/saintjeandelacommanderie.fr\/wp-content\/uploads\/2023\/01\/A-toi-puissance-et-gloire.pdf\" target=\"_blank\">\n         <img decoding=\"async\" src=\"https:\/\/saintjeandelacommanderie.fr\/wp-content\/uploads\/2023\/01\/A-toi-puissance-et-gloire-thumb.png\" title=\"A toi puissance et gloire\" alt=\"A toi puissance et gloire\" data-ext=\"pdf\"\/>\n         <span class=\"title\">A toi puissance et gloire<\/span>\n      <\/a>\n   <\/div>\n   <div class=\"document-icon\">\n      <a href=\"https:\/\/saintjeandelacommanderie.fr\/wp-content\/uploads\/2023\/01\/Alleluia-le-Seigneur-regne.pdf\" target=\"_blank\">\n         <img decoding=\"async\" src=\"https:\/\/saintjeandelacommanderie.fr\/wp-content\/uploads\/2023\/01\/Alleluia-le-Seigneur-regne-thumb.png\" title=\"Alleluia le Seigneur r\u00e8gne\" alt=\"Alleluia le Seigneur r\u00e8gne\" data-ext=\"pdf\"\/>\n         <span class=\"title\">Alleluia le Seigneur r\u00e8gne<\/span>\n      <\/a>\n   <\/div>\n   <div class=\"document-icon\">\n      <a href=\"https:\/\/saintjeandelacommanderie.fr\/wp-content\/uploads\/2023\/01\/Allez-par-toute-la-Terre-Harm.-Maredsous.pdf\" target=\"_blank\">\n         <img decoding=\"async\" src=\"https:\/\/saintjeandelacommanderie.fr\/wp-content\/uploads\/2023\/01\/Allez-par-toute-la-Terre-Harm-Maredsous-thumb.png\" title=\"Allez par toute la Terre &#8211; Harm. Maredsous\" alt=\"Allez par toute la Terre &#8211; Harm. Maredsous\" data-ext=\"pdf\"\/>\n         <span class=\"title\">Allez par toute la Terre &#8211; Harm. Maredsous<\/span>\n      <\/a>\n   <\/div>\n   <div class=\"document-icon\">\n      <a href=\"https:\/\/saintjeandelacommanderie.fr\/wp-content\/uploads\/2023\/01\/Ame-du-Christ-Gelineau.pdf\" target=\"_blank\">\n         <img decoding=\"async\" src=\"https:\/\/saintjeandelacommanderie.fr\/wp-content\/uploads\/2023\/01\/Ame-du-Christ-Gelineau-thumb.png\" title=\"Ame du Christ (G\u00e9lineau)\" alt=\"Ame du Christ (G\u00e9lineau)\" data-ext=\"pdf\"\/>\n         <span class=\"title\">Ame du Christ (G\u00e9lineau)<\/span>\n      <\/a>\n   <\/div>\n\n<\/div>\n<div class='document-icon-row'>\n   <div class=\"document-icon\">\n      <a href=\"https:\/\/saintjeandelacommanderie.fr\/wp-content\/uploads\/2023\/01\/Ame-du-Christ-Wittal.pdf\" target=\"_blank\">\n         <img decoding=\"async\" src=\"https:\/\/saintjeandelacommanderie.fr\/wp-content\/uploads\/2023\/01\/Ame-du-Christ-Wittal-thumb.png\" title=\"Ame du Christ (Wittal)\" alt=\"Ame du Christ (Wittal)\" data-ext=\"pdf\"\/>\n         <span class=\"title\">Ame du Christ (Wittal)<\/span>\n      <\/a>\n   <\/div>\n   <div class=\"document-icon\">\n      <a href=\"https:\/\/saintjeandelacommanderie.fr\/wp-content\/uploads\/2023\/01\/Cest-par-ta-grace.pdf\" target=\"_blank\">\n         <img decoding=\"async\" src=\"https:\/\/saintjeandelacommanderie.fr\/wp-content\/uploads\/2023\/01\/Cest-par-ta-grace-thumb.png\" title=\"C&rsquo;est par ta gr\u00e2ce\" alt=\"C&rsquo;est par ta gr\u00e2ce\" data-ext=\"pdf\"\/>\n         <span class=\"title\">C&rsquo;est par ta gr\u00e2ce<\/span>\n      <\/a>\n   <\/div>\n   <div class=\"document-icon\">\n      <a href=\"https:\/\/saintjeandelacommanderie.fr\/wp-content\/uploads\/2023\/01\/Chantez-priez-celebrez-le-Seigneur.pdf\" target=\"_blank\">\n         <img decoding=\"async\" src=\"https:\/\/saintjeandelacommanderie.fr\/wp-content\/uploads\/2023\/01\/Chantez-priez-celebrez-le-Seigneur-thumb.png\" title=\"Chantez, priez, c\u00e9l\u00e9brez le Seigneur\" alt=\"Chantez, priez, c\u00e9l\u00e9brez le Seigneur\" data-ext=\"pdf\"\/>\n         <span class=\"title\">Chantez, priez, c\u00e9l\u00e9brez le Seigneur<\/span>\n      <\/a>\n   <\/div>\n   <div class=\"document-icon\">\n      <a href=\"https:\/\/saintjeandelacommanderie.fr\/wp-content\/uploads\/2023\/01\/Criez-de-joie-pauvres-de-coeur.pdf\" target=\"_blank\">\n         <img decoding=\"async\" src=\"https:\/\/saintjeandelacommanderie.fr\/wp-content\/uploads\/2023\/01\/Criez-de-joie-pauvres-de-coeur-thumb.png\" title=\"Criez de joie, pauvres de coeur\" alt=\"Criez de joie, pauvres de coeur\" data-ext=\"pdf\"\/>\n         <span class=\"title\">Criez de joie, pauvres de coeur<\/span>\n      <\/a>\n   <\/div>\n\n<\/div>\n<div class='document-icon-row'>\n   <div class=\"document-icon\">\n      <a href=\"https:\/\/saintjeandelacommanderie.fr\/wp-content\/uploads\/2023\/01\/Debout-resplendis.pdf\" target=\"_blank\">\n         <img decoding=\"async\" src=\"https:\/\/saintjeandelacommanderie.fr\/wp-content\/uploads\/2023\/01\/Debout-resplendis-thumb.png\" title=\"Debout, resplendis\" alt=\"Debout, resplendis\" data-ext=\"pdf\"\/>\n         <span class=\"title\">Debout, resplendis<\/span>\n      <\/a>\n   <\/div>\n   <div class=\"document-icon\">\n      <a href=\"https:\/\/saintjeandelacommanderie.fr\/wp-content\/uploads\/2023\/01\/Espere-Israel.pdf\" target=\"_blank\">\n         <img decoding=\"async\" src=\"https:\/\/saintjeandelacommanderie.fr\/wp-content\/uploads\/2023\/01\/Espere-Israel-thumb.png\" title=\"Esp\u00e9re Isra\u00ebl\" alt=\"Esp\u00e9re Isra\u00ebl\" data-ext=\"pdf\"\/>\n         <span class=\"title\">Esp\u00e9re Isra\u00ebl<\/span>\n      <\/a>\n   <\/div>\n   <div class=\"document-icon\">\n      <a href=\"https:\/\/saintjeandelacommanderie.fr\/wp-content\/uploads\/2023\/01\/Garde-moi-mon-Dieu.pdf\" target=\"_blank\">\n         <img decoding=\"async\" src=\"https:\/\/saintjeandelacommanderie.fr\/wp-content\/uploads\/2023\/01\/Garde-moi-mon-Dieu-thumb.png\" title=\"Garde moi mon Dieu\" alt=\"Garde moi mon Dieu\" data-ext=\"pdf\"\/>\n         <span class=\"title\">Garde moi mon Dieu<\/span>\n      <\/a>\n   <\/div>\n   <div class=\"document-icon\">\n      <a href=\"https:\/\/saintjeandelacommanderie.fr\/wp-content\/uploads\/2023\/01\/Gloire-a-toi-source-de-toute-joie.pdf\" target=\"_blank\">\n         <img decoding=\"async\" src=\"https:\/\/saintjeandelacommanderie.fr\/wp-content\/uploads\/2023\/01\/Gloire-a-toi-source-de-toute-joie-thumb.png\" title=\"Gloire \u00e0 toi, source de toute joie\" alt=\"Gloire \u00e0 toi, source de toute joie\" data-ext=\"pdf\"\/>\n         <span class=\"title\">Gloire \u00e0 toi, source de toute joie<\/span>\n      <\/a>\n   <\/div>\n\n<\/div>\n<div class='document-icon-row'>\n   <div class=\"document-icon\">\n      <a href=\"https:\/\/saintjeandelacommanderie.fr\/wp-content\/uploads\/2023\/01\/Humblement-dans-le-silence.pdf\" target=\"_blank\">\n         <img decoding=\"async\" src=\"https:\/\/saintjeandelacommanderie.fr\/wp-content\/uploads\/2023\/01\/Humblement-dans-le-silence-thumb.png\" title=\"Humblement dans le silence\" alt=\"Humblement dans le silence\" data-ext=\"pdf\"\/>\n         <span class=\"title\">Humblement dans le silence<\/span>\n      <\/a>\n   <\/div>\n   <div class=\"document-icon\">\n      <a href=\"https:\/\/saintjeandelacommanderie.fr\/wp-content\/uploads\/2023\/01\/Il-est-temps-de-quitter-vos-tombeaux.pdf\" target=\"_blank\">\n         <img decoding=\"async\" src=\"https:\/\/saintjeandelacommanderie.fr\/wp-content\/uploads\/2023\/01\/Il-est-temps-de-quitter-vos-tombeaux-thumb.png\" title=\"Il est temps de quitter vos tombeaux\" alt=\"Il est temps de quitter vos tombeaux\" data-ext=\"pdf\"\/>\n         <span class=\"title\">Il est temps de quitter vos tombeaux<\/span>\n      <\/a>\n   <\/div>\n   <div class=\"document-icon\">\n      <a href=\"https:\/\/saintjeandelacommanderie.fr\/wp-content\/uploads\/2023\/01\/Je-te-cherche-Dieu.pdf\" target=\"_blank\">\n         <img decoding=\"async\" src=\"https:\/\/saintjeandelacommanderie.fr\/wp-content\/uploads\/2023\/01\/Je-te-cherche-Dieu-thumb.png\" title=\"Je te cherche Dieu\" alt=\"Je te cherche Dieu\" data-ext=\"pdf\"\/>\n         <span class=\"title\">Je te cherche Dieu<\/span>\n      <\/a>\n   <\/div>\n   <div class=\"document-icon\">\n      <a href=\"https:\/\/saintjeandelacommanderie.fr\/wp-content\/uploads\/2023\/01\/Je-veux-chanter-ton-amour-Seigneur.pdf\" target=\"_blank\">\n         <img decoding=\"async\" src=\"https:\/\/saintjeandelacommanderie.fr\/wp-content\/uploads\/2023\/01\/Je-veux-chanter-ton-amour-Seigneur-thumb.png\" title=\"Je veux chanter ton amour Seigneur\" alt=\"Je veux chanter ton amour Seigneur\" data-ext=\"pdf\"\/>\n         <span class=\"title\">Je veux chanter ton amour Seigneur<\/span>\n      <\/a>\n   <\/div>\n\n<\/div>\n<div class='document-icon-row'>\n   <div class=\"document-icon\">\n      <a href=\"https:\/\/saintjeandelacommanderie.fr\/wp-content\/uploads\/2023\/01\/Je-vous-aime-o-mon-Dieu.pdf\" target=\"_blank\">\n         <img decoding=\"async\" src=\"https:\/\/saintjeandelacommanderie.fr\/wp-content\/uploads\/2023\/01\/Je-vous-aime-o-mon-Dieu-thumb.png\" title=\"Je vous aime \u00f4 mon Dieu\" alt=\"Je vous aime \u00f4 mon Dieu\" data-ext=\"pdf\"\/>\n         <span class=\"title\">Je vous aime \u00f4 mon Dieu<\/span>\n      <\/a>\n   <\/div>\n   <div class=\"document-icon\">\n      <a href=\"https:\/\/saintjeandelacommanderie.fr\/wp-content\/uploads\/2023\/01\/La-Sagesse-a-dresse-une-table.pdf\" target=\"_blank\">\n         <img decoding=\"async\" src=\"https:\/\/saintjeandelacommanderie.fr\/wp-content\/uploads\/2023\/01\/La-Sagesse-a-dresse-une-table-thumb.png\" title=\"La Sagesse a dress\u00e9 une table\" alt=\"La Sagesse a dress\u00e9 une table\" data-ext=\"pdf\"\/>\n         <span class=\"title\">La Sagesse a dress\u00e9 une table<\/span>\n      <\/a>\n   <\/div>\n   <div class=\"document-icon\">\n      <a href=\"https:\/\/saintjeandelacommanderie.fr\/wp-content\/uploads\/2023\/01\/Laissez-vous-consumer.pdf\" target=\"_blank\">\n         <img decoding=\"async\" src=\"https:\/\/saintjeandelacommanderie.fr\/wp-content\/uploads\/2023\/01\/Laissez-vous-consumer-thumb.png\" title=\"Laissez-vous consumer\" alt=\"Laissez-vous consumer\" data-ext=\"pdf\"\/>\n         <span class=\"title\">Laissez-vous consumer<\/span>\n      <\/a>\n   <\/div>\n   <div class=\"document-icon\">\n      <a href=\"https:\/\/saintjeandelacommanderie.fr\/wp-content\/uploads\/2023\/01\/Lesprit-saint-qui-nous-est-donne.pdf\" target=\"_blank\">\n         <img decoding=\"async\" src=\"https:\/\/saintjeandelacommanderie.fr\/wp-content\/uploads\/2023\/01\/Lesprit-saint-qui-nous-est-donne-thumb.png\" title=\"L&rsquo;esprit saint qui nous est donn\u00e9\" alt=\"L&rsquo;esprit saint qui nous est donn\u00e9\" data-ext=\"pdf\"\/>\n         <span class=\"title\">L&rsquo;esprit saint qui nous est donn\u00e9<\/span>\n      <\/a>\n   <\/div>\n\n<\/div>\n<div class='document-icon-row'>\n   <div class=\"document-icon\">\n      <a href=\"https:\/\/saintjeandelacommanderie.fr\/wp-content\/uploads\/2023\/01\/Louange-a-toi-o-Christ.pdf\" target=\"_blank\">\n         <img decoding=\"async\" src=\"https:\/\/saintjeandelacommanderie.fr\/wp-content\/uploads\/2023\/01\/Louange-a-toi-o-Christ-thumb.png\" title=\"Louange a toi o Christ\" alt=\"Louange a toi o Christ\" data-ext=\"pdf\"\/>\n         <span class=\"title\">Louange a toi o Christ<\/span>\n      <\/a>\n   <\/div>\n   <div class=\"document-icon\">\n      <a href=\"https:\/\/saintjeandelacommanderie.fr\/wp-content\/uploads\/2023\/01\/Louez-exaltez-le-Seigneur.pdf\" target=\"_blank\">\n         <img decoding=\"async\" src=\"https:\/\/saintjeandelacommanderie.fr\/wp-content\/uploads\/2023\/01\/Louez-exaltez-le-Seigneur-thumb.png\" title=\"Louez, exaltez le Seigneur\" alt=\"Louez, exaltez le Seigneur\" data-ext=\"pdf\"\/>\n         <span class=\"title\">Louez, exaltez le Seigneur<\/span>\n      <\/a>\n   <\/div>\n   <div class=\"document-icon\">\n      <a href=\"https:\/\/saintjeandelacommanderie.fr\/wp-content\/uploads\/2023\/01\/Moi-si-javais-commis.pdf\" target=\"_blank\">\n         <img decoding=\"async\" src=\"https:\/\/saintjeandelacommanderie.fr\/wp-content\/uploads\/2023\/01\/Moi-si-javais-commis-thumb.png\" title=\"Moi si j&rsquo;avais commis\" alt=\"Moi si j&rsquo;avais commis\" data-ext=\"pdf\"\/>\n         <span class=\"title\">Moi si j&rsquo;avais commis<\/span>\n      <\/a>\n   <\/div>\n   <div class=\"document-icon\">\n      <a href=\"https:\/\/saintjeandelacommanderie.fr\/wp-content\/uploads\/2023\/01\/Mon-Seigneur.pdf\" target=\"_blank\">\n         <img decoding=\"async\" src=\"https:\/\/saintjeandelacommanderie.fr\/wp-content\/uploads\/2023\/01\/Mon-Seigneur-thumb.png\" title=\"Mon Seigneur\" alt=\"Mon Seigneur\" data-ext=\"pdf\"\/>\n         <span class=\"title\">Mon Seigneur<\/span>\n      <\/a>\n   <\/div>\n\n<\/div>\n<div class='document-icon-row'>\n   <div class=\"document-icon\">\n      <a href=\"https:\/\/saintjeandelacommanderie.fr\/wp-content\/uploads\/2023\/01\/Notre-Dieu-sest-fait-homme.pdf\" target=\"_blank\">\n         <img decoding=\"async\" src=\"https:\/\/saintjeandelacommanderie.fr\/wp-content\/uploads\/2023\/01\/Notre-Dieu-sest-fait-homme-thumb.png\" title=\"Notre Dieu s&rsquo;est fait homme\" alt=\"Notre Dieu s&rsquo;est fait homme\" data-ext=\"pdf\"\/>\n         <span class=\"title\">Notre Dieu s&rsquo;est fait homme<\/span>\n      <\/a>\n   <\/div>\n   <div class=\"document-icon\">\n      <a href=\"https:\/\/saintjeandelacommanderie.fr\/wp-content\/uploads\/2023\/01\/Nous-sommes-le-corps-du-christ.pdf\" target=\"_blank\">\n         <img decoding=\"async\" src=\"https:\/\/saintjeandelacommanderie.fr\/wp-content\/uploads\/2023\/01\/Nous-sommes-le-corps-du-christ-thumb.png\" title=\"Nous sommes le corps du christ\" alt=\"Nous sommes le corps du christ\" data-ext=\"pdf\"\/>\n         <span class=\"title\">Nous sommes le corps du christ<\/span>\n      <\/a>\n   <\/div>\n   <div class=\"document-icon\">\n      <a href=\"https:\/\/saintjeandelacommanderie.fr\/wp-content\/uploads\/2023\/01\/Nous-tavons-reconnu-Seigneur.pdf\" target=\"_blank\">\n         <img decoding=\"async\" src=\"https:\/\/saintjeandelacommanderie.fr\/wp-content\/uploads\/2023\/01\/Nous-tavons-reconnu-Seigneur-thumb.png\" title=\"Nous-tavons-reconnu-Seigneur\" alt=\"Nous-tavons-reconnu-Seigneur\" data-ext=\"pdf\"\/>\n         <span class=\"title\">Nous-tavons-reconnu-Seigneur<\/span>\n      <\/a>\n   <\/div>\n   <div class=\"document-icon\">\n      <a href=\"https:\/\/saintjeandelacommanderie.fr\/wp-content\/uploads\/2023\/01\/O-Vierge-Marie.pdf\" target=\"_blank\">\n         <img decoding=\"async\" src=\"https:\/\/saintjeandelacommanderie.fr\/wp-content\/uploads\/2023\/01\/O-Vierge-Marie-thumb.png\" title=\"O Vierge Marie\" alt=\"O Vierge Marie\" data-ext=\"pdf\"\/>\n         <span class=\"title\">O Vierge Marie<\/span>\n      <\/a>\n   <\/div>\n\n<\/div>\n<div class='document-icon-row'>\n   <div class=\"document-icon\">\n      <a href=\"https:\/\/saintjeandelacommanderie.fr\/wp-content\/uploads\/2023\/01\/Par-la-musique-et-par-nos-voix.pdf\" target=\"_blank\">\n         <img decoding=\"async\" src=\"https:\/\/saintjeandelacommanderie.fr\/wp-content\/uploads\/2023\/01\/Par-la-musique-et-par-nos-voix-thumb.png\" title=\"Par la musique et par nos voix\" alt=\"Par la musique et par nos voix\" data-ext=\"pdf\"\/>\n         <span class=\"title\">Par la musique et par nos voix<\/span>\n      <\/a>\n   <\/div>\n   <div class=\"document-icon\">\n      <a href=\"https:\/\/saintjeandelacommanderie.fr\/wp-content\/uploads\/2023\/01\/Peuple-de-lumiere-Accpgnt.pdf\" target=\"_blank\">\n         <img decoding=\"async\" src=\"https:\/\/saintjeandelacommanderie.fr\/wp-content\/uploads\/2023\/01\/Peuple-de-lumiere-Accpgnt-thumb.png\" title=\"Peuple de lumiere + Accpgnt\" alt=\"Peuple de lumiere + Accpgnt\" data-ext=\"pdf\"\/>\n         <span class=\"title\">Peuple de lumiere + Accpgnt<\/span>\n      <\/a>\n   <\/div>\n   <div class=\"document-icon\">\n      <a href=\"https:\/\/saintjeandelacommanderie.fr\/wp-content\/uploads\/2023\/01\/Que-vienne-ton-regne.pdf\" target=\"_blank\">\n         <img decoding=\"async\" src=\"https:\/\/saintjeandelacommanderie.fr\/wp-content\/uploads\/2023\/01\/Que-vienne-ton-regne-thumb.png\" title=\"Que vienne ton r\u00e8gne\" alt=\"Que vienne ton r\u00e8gne\" data-ext=\"pdf\"\/>\n         <span class=\"title\">Que vienne ton r\u00e8gne<\/span>\n      <\/a>\n   <\/div>\n   <div class=\"document-icon\">\n      <a href=\"https:\/\/saintjeandelacommanderie.fr\/wp-content\/uploads\/2023\/01\/Que-vive-mon-ame-a-te-louer.pdf\" target=\"_blank\">\n         <img decoding=\"async\" src=\"https:\/\/saintjeandelacommanderie.fr\/wp-content\/uploads\/2023\/01\/Que-vive-mon-ame-a-te-louer-thumb.png\" title=\"Que vive mon \u00e2me \u00e0 te louer\" alt=\"Que vive mon \u00e2me \u00e0 te louer\" data-ext=\"pdf\"\/>\n         <span class=\"title\">Que vive mon \u00e2me \u00e0 te louer<\/span>\n      <\/a>\n   <\/div>\n\n<\/div>\n<div class='document-icon-row'>\n   <div class=\"document-icon\">\n      <a href=\"https:\/\/saintjeandelacommanderie.fr\/wp-content\/uploads\/2023\/01\/Qui-mange-ma-chair.pdf\" target=\"_blank\">\n         <img decoding=\"async\" src=\"https:\/\/saintjeandelacommanderie.fr\/wp-content\/uploads\/2023\/01\/Qui-mange-ma-chair-thumb.png\" title=\"Qui mange ma chair\" alt=\"Qui mange ma chair\" data-ext=\"pdf\"\/>\n         <span class=\"title\">Qui mange ma chair<\/span>\n      <\/a>\n   <\/div>\n   <div class=\"document-icon\">\n      <a href=\"https:\/\/saintjeandelacommanderie.fr\/wp-content\/uploads\/2023\/01\/Recevez-le-corps-du-Christ.pdf\" target=\"_blank\">\n         <img decoding=\"async\" src=\"https:\/\/saintjeandelacommanderie.fr\/wp-content\/uploads\/2023\/01\/Recevez-le-corps-du-Christ-thumb.png\" title=\"Recevez le corps du Christ\" alt=\"Recevez le corps du Christ\" data-ext=\"pdf\"\/>\n         <span class=\"title\">Recevez le corps du Christ<\/span>\n      <\/a>\n   <\/div>\n   <div class=\"document-icon\">\n      <a href=\"https:\/\/saintjeandelacommanderie.fr\/wp-content\/uploads\/2023\/01\/Regarde-letoile.pdf\" target=\"_blank\">\n         <img decoding=\"async\" src=\"https:\/\/saintjeandelacommanderie.fr\/wp-content\/uploads\/2023\/01\/Regarde-letoile-thumb.png\" title=\"Regarde l&rsquo;\u00e9toile\" alt=\"Regarde l&rsquo;\u00e9toile\" data-ext=\"pdf\"\/>\n         <span class=\"title\">Regarde l&rsquo;\u00e9toile<\/span>\n      <\/a>\n   <\/div>\n   <div class=\"document-icon\">\n      <a href=\"https:\/\/saintjeandelacommanderie.fr\/wp-content\/uploads\/2023\/01\/Terre-entiere.pdf\" target=\"_blank\">\n         <img decoding=\"async\" src=\"https:\/\/saintjeandelacommanderie.fr\/wp-content\/uploads\/2023\/01\/Terre-entiere-thumb.png\" title=\"Terre enti\u00e8re\" alt=\"Terre enti\u00e8re\" data-ext=\"pdf\"\/>\n         <span class=\"title\">Terre enti\u00e8re<\/span>\n      <\/a>\n   <\/div>\n\n<\/div>\n<div class='document-icon-row'>\n   <div class=\"document-icon\">\n      <a href=\"https:\/\/saintjeandelacommanderie.fr\/wp-content\/uploads\/2023\/01\/Tu-as-porte-celui-qui-porte-tout.pdf\" target=\"_blank\">\n         <img decoding=\"async\" src=\"https:\/\/saintjeandelacommanderie.fr\/wp-content\/uploads\/2023\/01\/Tu-as-porte-celui-qui-porte-tout-thumb.png\" title=\"Tu as port\u00e9 celui qui porte tout\" alt=\"Tu as port\u00e9 celui qui porte tout\" data-ext=\"pdf\"\/>\n         <span class=\"title\">Tu as port\u00e9 celui qui porte tout<\/span>\n      <\/a>\n   <\/div>\n   <div class=\"document-icon\">\n      <a href=\"https:\/\/saintjeandelacommanderie.fr\/wp-content\/uploads\/2023\/01\/Tu-es-la-present-Tu-fais-ta-demeure.pdf\" target=\"_blank\">\n         <img decoding=\"async\" src=\"https:\/\/saintjeandelacommanderie.fr\/wp-content\/uploads\/2023\/01\/Tu-es-la-present-Tu-fais-ta-demeure-thumb.png\" title=\"Tu es l\u00e0 pr\u00e9sent (Tu fais ta demeure)\" alt=\"Tu es l\u00e0 pr\u00e9sent (Tu fais ta demeure)\" data-ext=\"pdf\"\/>\n         <span class=\"title\">Tu es l\u00e0 pr\u00e9sent (Tu fais ta demeure)<\/span>\n      <\/a>\n   <\/div>\n   <div class=\"document-icon\">\n      <a href=\"https:\/\/saintjeandelacommanderie.fr\/wp-content\/uploads\/2023\/01\/Tu-fais-ta-demeure-en-nous.pdf\" target=\"_blank\">\n         <img decoding=\"async\" src=\"https:\/\/saintjeandelacommanderie.fr\/wp-content\/uploads\/2023\/01\/Tu-fais-ta-demeure-en-nous-thumb.png\" title=\"Tu fais ta demeure en nous\" alt=\"Tu fais ta demeure en nous\" data-ext=\"pdf\"\/>\n         <span class=\"title\">Tu fais ta demeure en nous<\/span>\n      <\/a>\n   <\/div>\n   <div class=\"document-icon\">\n      <a href=\"https:\/\/saintjeandelacommanderie.fr\/wp-content\/uploads\/2023\/01\/Venez-approchons-nous.pdf\" target=\"_blank\">\n         <img decoding=\"async\" src=\"https:\/\/saintjeandelacommanderie.fr\/wp-content\/uploads\/2023\/01\/Venez-approchons-nous-thumb.png\" title=\"Venez, approchons-nous\" alt=\"Venez, approchons-nous\" data-ext=\"pdf\"\/>\n         <span class=\"title\">Venez, approchons-nous<\/span>\n      <\/a>\n   <\/div>\n\n<\/div>\n<div class='document-icon-row'>\n   <div class=\"document-icon\">\n      <a href=\"https:\/\/saintjeandelacommanderie.fr\/wp-content\/uploads\/2023\/01\/Venez-chantons-notre-Dieu.pdf\" target=\"_blank\">\n         <img decoding=\"async\" src=\"https:\/\/saintjeandelacommanderie.fr\/wp-content\/uploads\/2023\/01\/Venez-chantons-notre-Dieu-thumb.png\" title=\"Venez chantons notre Dieu\" alt=\"Venez chantons notre Dieu\" data-ext=\"pdf\"\/>\n         <span class=\"title\">Venez chantons notre Dieu<\/span>\n      <\/a>\n   <\/div>\n   <div class=\"document-icon\">\n      <a href=\"https:\/\/saintjeandelacommanderie.fr\/wp-content\/uploads\/2023\/01\/Vous-qui-avez-soif.pdf\" target=\"_blank\">\n         <img decoding=\"async\" src=\"https:\/\/saintjeandelacommanderie.fr\/wp-content\/uploads\/2023\/01\/Vous-qui-avez-soif-thumb.png\" title=\"Vous qui avez soif\" alt=\"Vous qui avez soif\" data-ext=\"pdf\"\/>\n         <span class=\"title\">Vous qui avez soif<\/span>\n      <\/a>\n   <\/div>\n\n<\/div>\n<\/div>\n","protected":false},"excerpt":{"rendered":"","protected":false},"author":1,"featured_media":0,"parent":29,"menu_order":0,"comment_status":"closed","ping_status":"closed","template":"","meta":{"footnotes":""},"class_list":["post-5295","page","type-page","status-publish","hentry"],"publishpress_future_workflow_manual_trigger":{"enabledWorkflows":[]},"_links":{"self":[{"href":"https:\/\/saintjeandelacommanderie.fr\/index.php?rest_route=\/wp\/v2\/pages\/5295","targetHints":{"allow":["GET"]}}],"collection":[{"href":"https:\/\/saintjeandelacommanderie.fr\/index.php?rest_route=\/wp\/v2\/pages"}],"about":[{"href":"https:\/\/saintjeandelacommanderie.fr\/index.php?rest_route=\/wp\/v2\/types\/page"}],"author":[{"embeddable":true,"href":"https:\/\/saintjeandelacommanderie.fr\/index.php?rest_route=\/wp\/v2\/users\/1"}],"replies":[{"embeddable":true,"href":"https:\/\/saintjeandelacommanderie.fr\/index.php?rest_route=%2Fwp%2Fv2%2Fcomments&post=5295"}],"version-history":[{"count":6,"href":"https:\/\/saintjeandelacommanderie.fr\/index.php?rest_route=\/wp\/v2\/pages\/5295\/revisions"}],"predecessor-version":[{"id":5344,"href":"https:\/\/saintjeandelacommanderie.fr\/index.php?rest_route=\/wp\/v2\/pages\/5295\/revisions\/5344"}],"up":[{"embeddable":true,"href":"https:\/\/saintjeandelacommanderie.fr\/index.php?rest_route=\/wp\/v2\/pages\/29"}],"wp:attachment":[{"href":"https:\/\/saintjeandelacommanderie.fr\/index.php?rest_route=%2Fwp%2Fv2%2Fmedia&parent=5295"}],"curies":[{"name":"wp","href":"https:\/\/api.w.org\/{rel}","templated":true}]}}