{"id":5468,"date":"2023-05-24T16:04:52","date_gmt":"2023-05-24T14:04:52","guid":{"rendered":"https:\/\/saintjeandelacommanderie.fr\/?page_id=5468"},"modified":"2023-05-24T16:49:05","modified_gmt":"2023-05-24T14:49:05","slug":"annee-2023-a","status":"publish","type":"page","link":"https:\/\/saintjeandelacommanderie.fr\/?page_id=5468","title":{"rendered":"Ann\u00e9e 2023 A"},"content":{"rendered":"\n<p id=\"chants2023A\">Retrouvez tous les fichiers dans le <a href=\"#chants2023A\" data-type=\"internal\" data-id=\"#chants2023A\">tableau de l\u2019ann\u00e9e liturgique 2022-202<\/a>3.<\/p>\n\n\n<p><span style=\"color: #0000ff;\">Les feuilles du trimestre en cours.<\/span><br \/><strong>Feuilles de Saint-Joseph<\/strong><\/p>\n\n<!-- G\u00e9n\u00e9ration r\u00e9alis\u00e9e avec Document Gallery. Obtenez votre version ici :http:\/\/wordpress.org\/extend\/plugins\/document-gallery -->\n<div id=\"document-gallery-1\" class=\"document-gallery\" data-shortcode='{\"id\":5468,\"include\":\"5189,5368,5521\",\"exclude\":\"\",\"columns\":4,\"fancy\":true,\"order\":\"ASC\",\"orderby\":\"date\",\"relation\":\"AND\",\"limit\":-1,\"mime_types\":\"application,video,text,audio,image\",\"new_window\":true,\"paginate\":true,\"post_status\":\"any\",\"post_type\":\"attachment\",\"attachment_pg\":false,\"descriptions\":false,\"skip\":0}' style='--dg-icon-width: 24%'>\n<div class='document-icon-row'>\n   <div class=\"document-icon\">\n      <a href=\"https:\/\/saintjeandelacommanderie.fr\/wp-content\/uploads\/2022\/11\/Messe-en-famille-13-11.pdf\" target=\"_blank\">\n         <img decoding=\"async\" src=\"https:\/\/saintjeandelacommanderie.fr\/wp-content\/uploads\/2022\/11\/Messe-en-famille-13-11-thumb.png\" title=\"Messe en famille13 novembre 2022\" alt=\"Messe en famille13 novembre 2022\" data-ext=\"pdf\"\/>\n         <span class=\"title\">Messe en famille<br \/>13 novembre 2022<\/span>\n      <\/a>\n   <\/div>\n   <div class=\"document-icon\">\n      <a href=\"https:\/\/saintjeandelacommanderie.fr\/wp-content\/uploads\/2023\/02\/Messe-en-famille-05-02.pdf\" target=\"_blank\">\n         <img decoding=\"async\" src=\"https:\/\/saintjeandelacommanderie.fr\/wp-content\/uploads\/2023\/02\/Messe-en-famille-05-02-thumb.png\" title=\"Messe en famille5 f\u00e9vrier 2023\" alt=\"Messe en famille5 f\u00e9vrier 2023\" data-ext=\"pdf\"\/>\n         <span class=\"title\">Messe en famille<br \/>5 f\u00e9vrier 2023<\/span>\n      <\/a>\n   <\/div>\n   <div class=\"document-icon\">\n      <a href=\"https:\/\/saintjeandelacommanderie.fr\/wp-content\/uploads\/2023\/05\/Messe-du-28-05-23.pdf\" target=\"_blank\">\n         <img decoding=\"async\" src=\"https:\/\/saintjeandelacommanderie.fr\/wp-content\/uploads\/2023\/05\/Messe-du-28-05-23-thumb.png\" title=\"Chants Saint-Joseph28 mai 2023Pentec\u00f4te\" alt=\"Chants Saint-Joseph28 mai 2023Pentec\u00f4te\" data-ext=\"pdf\"\/>\n         <span class=\"title\">Chants Saint-Joseph<br \/>28 mai 2023<br \/>Pentec\u00f4te<\/span>\n      <\/a>\n   <\/div>\n\n<\/div>\n<\/div>\n<p style=\"text-align: center;\">++++++++++++++++++++++++++++++++++++++++++++++++++++++++++++++<\/p>\n<p><strong>Feuilles de Saint-L\u00e9on<\/strong><\/p>\n\n<!-- G\u00e9n\u00e9ration r\u00e9alis\u00e9e avec Document Gallery. Obtenez votre version ici :http:\/\/wordpress.org\/extend\/plugins\/document-gallery -->\n<div id=\"document-gallery-2\" class=\"document-gallery\" data-shortcode='{\"id\":5468,\"include\":\"5238,5240,5267,5445,5447,5457,5448,5505,5518\",\"exclude\":\"\",\"columns\":4,\"fancy\":true,\"order\":\"ASC\",\"orderby\":\"date\",\"relation\":\"AND\",\"limit\":-1,\"mime_types\":\"application,video,text,audio,image\",\"new_window\":true,\"paginate\":true,\"post_status\":\"any\",\"post_type\":\"attachment\",\"attachment_pg\":false,\"descriptions\":false,\"skip\":0}' style='--dg-icon-width: 24%'>\n<div class='document-icon-row'>\n   <div class=\"document-icon\">\n      <a href=\"https:\/\/saintjeandelacommanderie.fr\/wp-content\/uploads\/2022\/12\/24-12-22-Nuit-de-Noel.pdf\" target=\"_blank\">\n         <img decoding=\"async\" src=\"https:\/\/saintjeandelacommanderie.fr\/wp-content\/uploads\/2022\/12\/24-12-22-Nuit-de-Noel-thumb.png\" title=\"Chants Saint-L\u00e9on24 d\u00e9cembre 2022Veill\u00e9e et messe de la nuit\" alt=\"Chants Saint-L\u00e9on24 d\u00e9cembre 2022Veill\u00e9e et messe de la nuit\" data-ext=\"pdf\"\/>\n         <span class=\"title\">Chants Saint-L\u00e9on<br \/>24 d\u00e9cembre 2022<br \/>Veill\u00e9e et messe de la nuit<\/span>\n      <\/a>\n   <\/div>\n   <div class=\"document-icon\">\n      <a href=\"https:\/\/saintjeandelacommanderie.fr\/wp-content\/uploads\/2022\/12\/25-12-22-jour-de-Noel.pdf\" target=\"_blank\">\n         <img decoding=\"async\" src=\"https:\/\/saintjeandelacommanderie.fr\/wp-content\/uploads\/2022\/12\/25-12-22-jour-de-Noel-thumb.png\" title=\"Chants Saint-L\u00e9on25 d\u00e9cembre 2022Messe du jour de No\u00ebl\" alt=\"Chants Saint-L\u00e9on25 d\u00e9cembre 2022Messe du jour de No\u00ebl\" data-ext=\"pdf\"\/>\n         <span class=\"title\">Chants Saint-L\u00e9on<br \/>25 d\u00e9cembre 2022<br \/>Messe du jour de No\u00ebl<\/span>\n      <\/a>\n   <\/div>\n   <div class=\"document-icon\">\n      <a href=\"https:\/\/saintjeandelacommanderie.fr\/wp-content\/uploads\/2023\/01\/Carnet-temps-ord.-2023.pdf\" target=\"_blank\">\n         <img decoding=\"async\" src=\"https:\/\/saintjeandelacommanderie.fr\/wp-content\/uploads\/2023\/01\/Carnet-temps-ord-2023-thumb.png\" title=\"Carnet temps ord. 2023\" alt=\"Carnet temps ord. 2023\" data-ext=\"pdf\"\/>\n         <span class=\"title\">Carnet temps ord. 2023<\/span>\n      <\/a>\n   <\/div>\n   <div class=\"document-icon\">\n      <a href=\"https:\/\/saintjeandelacommanderie.fr\/wp-content\/uploads\/2023\/04\/02-04-023-Rameaux.pdf\" target=\"_blank\">\n         <img decoding=\"async\" src=\"https:\/\/saintjeandelacommanderie.fr\/wp-content\/uploads\/2023\/04\/02-04-023-Rameaux-thumb.png\" title=\"Messe du 2 avril 2023Rameaux\" alt=\"Messe du 2 avril 2023Rameaux\" data-ext=\"pdf\"\/>\n         <span class=\"title\">Messe du 2 avril 2023<br \/>Rameaux<\/span>\n      <\/a>\n   <\/div>\n\n<\/div>\n<div class='document-icon-row'>\n   <div class=\"document-icon\">\n      <a href=\"https:\/\/saintjeandelacommanderie.fr\/wp-content\/uploads\/2023\/04\/06-04-23-Jeudi-Saint.pdf\" target=\"_blank\">\n         <img decoding=\"async\" src=\"https:\/\/saintjeandelacommanderie.fr\/wp-content\/uploads\/2023\/04\/06-04-23-Jeudi-Saint-thumb.png\" title=\"Messe du 6 avril 2023La C\u00e8ne du Seigneur\" alt=\"Messe du 6 avril 2023La C\u00e8ne du Seigneur\" data-ext=\"pdf\"\/>\n         <span class=\"title\">Messe du 6 avril 2023<br \/>La C\u00e8ne du Seigneur<\/span>\n      <\/a>\n   <\/div>\n   <div class=\"document-icon\">\n      <a href=\"https:\/\/saintjeandelacommanderie.fr\/wp-content\/uploads\/2023\/04\/09-04-2023-Jour-de-Paques.pdf\" target=\"_blank\">\n         <img decoding=\"async\" src=\"https:\/\/saintjeandelacommanderie.fr\/wp-content\/uploads\/2023\/04\/09-04-2023-Jour-de-Paques-thumb.png\" title=\"Messe du 9 avril 2023P\u00e2ques\" alt=\"Messe du 9 avril 2023P\u00e2ques\" data-ext=\"pdf\"\/>\n         <span class=\"title\">Messe du 9 avril 2023<br \/>P\u00e2ques<\/span>\n      <\/a>\n   <\/div>\n   <div class=\"document-icon\">\n      <a href=\"https:\/\/saintjeandelacommanderie.fr\/wp-content\/uploads\/2023\/04\/08-04-23-Vigile-pascale.pdf\" target=\"_blank\">\n         <img decoding=\"async\" src=\"https:\/\/saintjeandelacommanderie.fr\/wp-content\/uploads\/2023\/04\/08-04-23-Vigile-pascale-thumb.png\" title=\"Chants Saint-L\u00e9on8 avril 2023Vigile Pascale\" alt=\"Chants Saint-L\u00e9on8 avril 2023Vigile Pascale\" data-ext=\"pdf\"\/>\n         <span class=\"title\">Chants Saint-L\u00e9on<br \/>8 avril 2023<br \/>Vigile Pascale<\/span>\n      <\/a>\n   <\/div>\n   <div class=\"document-icon\">\n      <a href=\"https:\/\/saintjeandelacommanderie.fr\/wp-content\/uploads\/2023\/05\/18-05-23-Ascension.pdf\" target=\"_blank\">\n         <img decoding=\"async\" src=\"https:\/\/saintjeandelacommanderie.fr\/wp-content\/uploads\/2023\/05\/18-05-23-Ascension-thumb.png\" title=\"Chants Saint-L\u00e9on18 mai 2023Ascension\" alt=\"Chants Saint-L\u00e9on18 mai 2023Ascension\" data-ext=\"pdf\"\/>\n         <span class=\"title\">Chants Saint-L\u00e9on<br \/>18 mai 2023<br \/>Ascension<\/span>\n      <\/a>\n   <\/div>\n\n<\/div>\n<div class='document-icon-row'>\n   <div class=\"document-icon\">\n      <a href=\"https:\/\/saintjeandelacommanderie.fr\/wp-content\/uploads\/2023\/05\/28-05-23-Pentecote.pdf\" target=\"_blank\">\n         <img decoding=\"async\" src=\"https:\/\/saintjeandelacommanderie.fr\/wp-content\/uploads\/2023\/05\/28-05-23-Pentecote-thumb.png\" title=\"Chants Saint-L\u00e9on28 mai 2023Pentec\u00f4te\" alt=\"Chants Saint-L\u00e9on28 mai 2023Pentec\u00f4te\" data-ext=\"pdf\"\/>\n         <span class=\"title\">Chants Saint-L\u00e9on<br \/>28 mai 2023<br \/>Pentec\u00f4te<\/span>\n      <\/a>\n   <\/div>\n\n<\/div>\n<\/div>\n\n\n<p id=\"chants2023A\">Tableau r\u00e9capitulatif des fichiers de feuilles de chants de l&rsquo;ann\u00e9e A 2023.<\/p>\n\n\n\n<table id=\"tablepress-11\" class=\"tablepress tablepress-id-11\">\n<thead>\n<tr class=\"row-1\">\n\t<th class=\"column-1\">Ann\u00e9e liturgique 2022-2023<br \/>\nAnn\u00e9e A<\/th><td class=\"column-2\"><\/td><td class=\"column-3\"><\/td><td class=\"column-4\"><\/td>\n<\/tr>\n<\/thead>\n<tbody class=\"row-striping row-hover\">\n<tr class=\"row-2\">\n\t<td class=\"column-1\"><\/td><td class=\"column-2\"><\/td><td class=\"column-3\">Saint-Joseph<\/td><td class=\"column-4\">Saint-L\u00e9on<\/td>\n<\/tr>\n<tr class=\"row-3\">\n\t<td class=\"column-1\">Date<\/td><td class=\"column-2\">c\u00e9l\u00e9bration<\/td><td class=\"column-3\">pdf\/word<\/td><td class=\"column-4\">pdf\/word<\/td>\n<\/tr>\n<tr class=\"row-4\">\n\t<td class=\"column-1\">27 novembre 2022<\/td><td class=\"column-2\">1er dimanche de l&rsquo;Avent<\/td><td class=\"column-3\"><\/td><td class=\"column-4\"><\/td>\n<\/tr>\n<tr class=\"row-5\">\n\t<td class=\"column-1\">4 d\u00e9cembre 2022<\/td><td class=\"column-2\">2\u00e8me dimanche de l&rsquo;Avent<\/td><td class=\"column-3\"><\/td><td class=\"column-4\"><\/td>\n<\/tr>\n<tr class=\"row-6\">\n\t<td class=\"column-1\">11 d\u00e9cembre 2022<\/td><td class=\"column-2\">3\u00e8me dimanche de l&rsquo;Avent<\/td><td class=\"column-3\"><\/td><td class=\"column-4\"><\/td>\n<\/tr>\n<tr class=\"row-7\">\n\t<td class=\"column-1\">18 d\u00e9cembre 2022<\/td><td class=\"column-2\">4\u00e8me dimanche de l&rsquo;Avent<\/td><td class=\"column-3\"><\/td><td class=\"column-4\"><\/td>\n<\/tr>\n<tr class=\"row-8\">\n\t<td class=\"column-1\">24 d\u00e9cembre 2022<\/td><td class=\"column-2\">Veill\u00e9e et messe de la nuit de No\u00ebl<\/td><td class=\"column-3\"><\/td><td class=\"column-4\"><a href=\"https:\/\/saintjeandelacommanderie.fr\/wp-content\/uploads\/2022\/12\/24-12-22-Nuit-de-Noel.pdf\">pdf<\/a>\/<a href=\"https:\/\/saintjeandelacommanderie.fr\/wp-content\/uploads\/2022\/12\/24-12-22-Nuit-de-Noel.docx\">w<\/a><\/td>\n<\/tr>\n<tr class=\"row-9\">\n\t<td class=\"column-1\">25 d\u00e9cembre 2022<\/td><td class=\"column-2\">Nativit\u00e9 du Seigneur<\/td><td class=\"column-3\"><\/td><td class=\"column-4\"><a href=\"https:\/\/saintjeandelacommanderie.fr\/wp-content\/uploads\/2022\/12\/25-12-22-jour-de-Noel.pdf\">pdf<\/a>\/<a href=\"https:\/\/saintjeandelacommanderie.fr\/wp-content\/uploads\/2022\/12\/25-12-22-jour-de-Noel.docx\">w<\/a><\/td>\n<\/tr>\n<tr class=\"row-10\">\n\t<td class=\"column-1\">1er janvier 2023<\/td><td class=\"column-2\">Sainte Marie, m\u00e8re de Dieu<\/td><td class=\"column-3\"><\/td><td class=\"column-4\"><\/td>\n<\/tr>\n<tr class=\"row-11\">\n\t<td class=\"column-1\">8 janvier 2023<\/td><td class=\"column-2\">Epiphanie du Seigneur<\/td><td class=\"column-3\"><\/td><td class=\"column-4\"><\/td>\n<\/tr>\n<tr class=\"row-12\">\n\t<td class=\"column-1\">15 janvier 2023<\/td><td class=\"column-2\">2\u00e8me dimanche du temps ordinaire<\/td><td class=\"column-3\"><\/td><td class=\"column-4\">Carnet pour le temps ordinaire:<a href=\"https:\/\/saintjeandelacommanderie.fr\/wp-content\/uploads\/2023\/01\/Carnet-temps-ord.-2023.pdf\">pdf<\/a>\/<a href=\"https:\/\/saintjeandelacommanderie.fr\/wp-content\/uploads\/2023\/01\/Carnet-temps-ord.-2023.docx\">w<\/a><\/td>\n<\/tr>\n<tr class=\"row-13\">\n\t<td class=\"column-1\">22 janvier 2023<\/td><td class=\"column-2\">3\u00e8me dimanche du temps ordinaire<\/td><td class=\"column-3\"><\/td><td class=\"column-4\"><\/td>\n<\/tr>\n<tr class=\"row-14\">\n\t<td class=\"column-1\">29 janvier 2023<\/td><td class=\"column-2\">4\u00e8me dimanche du temps ordinaire<\/td><td class=\"column-3\"><\/td><td class=\"column-4\"><\/td>\n<\/tr>\n<tr class=\"row-15\">\n\t<td class=\"column-1\">5 f\u00e9vrier 2023<\/td><td class=\"column-2\">5\u00e8me dimanche du temps ordinaire<\/td><td class=\"column-3\"><a href=\"https:\/\/saintjeandelacommanderie.fr\/wp-content\/uploads\/2023\/02\/Messe-en-famille-05-02.pdf\">pdf<\/a><\/td><td class=\"column-4\"><\/td>\n<\/tr>\n<tr class=\"row-16\">\n\t<td class=\"column-1\">12 f\u00e9vrier 2023<\/td><td class=\"column-2\">6\u00e8me dimanche du temps ordinaire<\/td><td class=\"column-3\"><\/td><td class=\"column-4\"><\/td>\n<\/tr>\n<tr class=\"row-17\">\n\t<td class=\"column-1\">19 f\u00e9vrier 2023<\/td><td class=\"column-2\">7\u00e8me dimanche du temps ordinaire<\/td><td class=\"column-3\"><\/td><td class=\"column-4\"><\/td>\n<\/tr>\n<tr class=\"row-18\">\n\t<td class=\"column-1\">22 f\u00e9vrier 2023<\/td><td class=\"column-2\">mercredi des cendres<\/td><td class=\"column-3\"><\/td><td class=\"column-4\"><\/td>\n<\/tr>\n<tr class=\"row-19\">\n\t<td class=\"column-1\">2 avril 2023<\/td><td class=\"column-2\">Rameaux<\/td><td class=\"column-3\"><\/td><td class=\"column-4\"><a href=\"https:\/\/saintjeandelacommanderie.fr\/wp-content\/uploads\/2023\/04\/02-04-023-Rameaux.pdf\">pdf<\/a>\/w<\/td>\n<\/tr>\n<tr class=\"row-20\">\n\t<td class=\"column-1\">6 avril 2023<\/td><td class=\"column-2\">Jeudi-Saint<\/td><td class=\"column-3\"><\/td><td class=\"column-4\"><a href=\"https:\/\/saintjeandelacommanderie.fr\/wp-content\/uploads\/2023\/04\/06-04-23-Jeudi-Saint.pdf\">pdf<\/a>\/w<\/td>\n<\/tr>\n<tr class=\"row-21\">\n\t<td class=\"column-1\">8 avril 2023<\/td><td class=\"column-2\">Vigile Pascale<\/td><td class=\"column-3\"><\/td><td class=\"column-4\"><br \/>\n<a href=\"https:\/\/saintjeandelacommanderie.fr\/wp-content\/uploads\/2023\/04\/08-04-23-Vigile-pascale.pdf\">pdf<\/a>\/<a href=\"https:\/\/saintjeandelacommanderie.fr\/wp-content\/uploads\/2023\/04\/08-04-23-Vigile-pascale.docx\">w<\/a><br \/>\n<\/td>\n<\/tr>\n<tr class=\"row-22\">\n\t<td class=\"column-1\">9 avril 2023<\/td><td class=\"column-2\">P\u00e2ques<\/td><td class=\"column-3\"><\/td><td class=\"column-4\"><a href=\"https:\/\/saintjeandelacommanderie.fr\/wp-content\/uploads\/2023\/04\/09-04-2023-Jour-de-Paques.pdf\">Messe du 9 avril 2023<br \/>pdf<\/a>\/w<\/td>\n<\/tr>\n<tr class=\"row-23\">\n\t<td class=\"column-1\">18 mai 2023<\/td><td class=\"column-2\">Ascension<\/td><td class=\"column-3\"><\/td><td class=\"column-4\"><a href=\"https:\/\/saintjeandelacommanderie.fr\/wp-content\/uploads\/2023\/05\/18-05-23-Ascension.pdf\">pdf<\/a>\/<a href=\"https:\/\/saintjeandelacommanderie.fr\/wp-content\/uploads\/2023\/05\/18-05-23-Ascension.docx\">w<\/a><\/td>\n<\/tr>\n<tr class=\"row-24\">\n\t<td class=\"column-1\">21 mai 2023<\/td><td class=\"column-2\"><\/td><td class=\"column-3\"><\/td><td class=\"column-4\"><\/td>\n<\/tr>\n<tr class=\"row-25\">\n\t<td class=\"column-1\">28 mai 2023<\/td><td class=\"column-2\">Pentec\u00f4te<\/td><td class=\"column-3\"><a href=\"https:\/\/saintjeandelacommanderie.fr\/wp-content\/uploads\/2023\/05\/Messe-du-28-05-23.pdf\">pdf<\/a><\/td><td class=\"column-4\"><a href=\"https:\/\/saintjeandelacommanderie.fr\/wp-content\/uploads\/2023\/05\/28-05-23-Pentecote.pdf\">pdf<\/a>\/<a href=\"https:\/\/saintjeandelacommanderie.fr\/wp-content\/uploads\/2023\/05\/28-05-23-Pentecote.docx\">w<\/a><\/td>\n<\/tr>\n<tr class=\"row-26\">\n\t<td class=\"column-1\">11 juin 2023<\/td><td class=\"column-2\">Messe en famille<\/td><td class=\"column-3\"><a href=\"https:\/\/saintjeandelacommanderie.fr\/wp-content\/uploads\/2023\/06\/Messe-en-famille-11-06.pdf\">pdf<\/a>\/w<\/td><td class=\"column-4\"><\/td>\n<\/tr>\n<tr class=\"row-27\">\n\t<td class=\"column-1\">06 ao\u00fbt 2023<\/td><td class=\"column-2\">Transfiguration<\/td><td class=\"column-3\"><\/td><td class=\"column-4\"><a href=\"https:\/\/saintjeandelacommanderie.fr\/wp-content\/uploads\/2023\/08\/06-08-23-Transfiguration-du-Sgr.pdf\">pdf<\/a>\/<a href=\"https:\/\/saintjeandelacommanderie.fr\/wp-content\/uploads\/2023\/08\/06-08-23-Transfiguration-du-Sgr.docx\">w<\/a><\/td>\n<\/tr>\n<tr class=\"row-28\">\n\t<td class=\"column-1\">01 octobre 2023<\/td><td class=\"column-2\">26\u00b0 dimanche du T.O.<\/td><td class=\"column-3\"><\/td><td class=\"column-4\"><a href=\"https:\/\/saintjeandelacommanderie.fr\/wp-content\/uploads\/2023\/09\/01-10-23.pdf\">pdf<\/a>\/<a href=\"https:\/\/saintjeandelacommanderie.fr\/wp-content\/uploads\/2023\/09\/01-10-23.docx\">w<\/a><\/td>\n<\/tr>\n<tr class=\"row-29\">\n\t<td class=\"column-1\">1<sup>er<\/sup> novembre 2023<\/td><td class=\"column-2\">Toussaint<\/td><td class=\"column-3\"><\/td><td class=\"column-4\"><a href=\"https:\/\/saintjeandelacommanderie.fr\/wp-content\/uploads\/2023\/10\/01-11-23-Toussaint.pdf\">pdf<\/a>\/<a href=\"https:\/\/saintjeandelacommanderie.fr\/wp-content\/uploads\/2023\/10\/01-11-23-Toussaint.docx\">w<\/a><\/td>\n<\/tr>\n<tr class=\"row-30\">\n\t<td class=\"column-1\">26 novembre 2023<\/td><td class=\"column-2\">Le Christ Roi de l&rsquo;Univers<\/td><td class=\"column-3\"><\/td><td class=\"column-4\"><a href=\"https:\/\/saintjeandelacommanderie.fr\/wp-content\/uploads\/2023\/11\/26-11-23-Christ-Roi.pdf\">pdf<\/a>\/<a href=\"https:\/\/saintjeandelacommanderie.fr\/wp-content\/uploads\/2023\/11\/26-11-23-Christ-Roi.docx\">w<\/a><\/td>\n<\/tr>\n<tr class=\"row-31\">\n\t<td class=\"column-1\"><\/td><td class=\"column-2\"><\/td><td class=\"column-3\"><\/td><td class=\"column-4\"><\/td>\n<\/tr>\n<tr class=\"row-32\">\n\t<td class=\"column-1\"><\/td><td class=\"column-2\"><\/td><td class=\"column-3\"><\/td><td class=\"column-4\"><\/td>\n<\/tr>\n<tr class=\"row-33\">\n\t<td class=\"column-1\"><\/td><td class=\"column-2\"><\/td><td class=\"column-3\"><\/td><td class=\"column-4\"><\/td>\n<\/tr>\n<tr class=\"row-34\">\n\t<td class=\"column-1\"><\/td><td class=\"column-2\"><\/td><td class=\"column-3\"><\/td><td class=\"column-4\"><\/td>\n<\/tr>\n<tr class=\"row-35\">\n\t<td class=\"column-1\"><\/td><td class=\"column-2\"><\/td><td class=\"column-3\"><\/td><td class=\"column-4\"><\/td>\n<\/tr>\n<tr class=\"row-36\">\n\t<td class=\"column-1\"><\/td><td class=\"column-2\"><\/td><td class=\"column-3\"><\/td><td class=\"column-4\"><\/td>\n<\/tr>\n<tr class=\"row-37\">\n\t<td class=\"column-1\"><\/td><td class=\"column-2\"><\/td><td class=\"column-3\"><\/td><td class=\"column-4\"><\/td>\n<\/tr>\n<tr class=\"row-38\">\n\t<td class=\"column-1\"><\/td><td class=\"column-2\"><\/td><td class=\"column-3\"><\/td><td class=\"column-4\"><\/td>\n<\/tr>\n<tr class=\"row-39\">\n\t<td class=\"column-1\"><\/td><td class=\"column-2\"><\/td><td class=\"column-3\"><\/td><td class=\"column-4\"><\/td>\n<\/tr>\n<tr class=\"row-40\">\n\t<td class=\"column-1\"><\/td><td class=\"column-2\"><\/td><td class=\"column-3\"><\/td><td class=\"column-4\"><\/td>\n<\/tr>\n<tr class=\"row-41\">\n\t<td class=\"column-1\"><\/td><td class=\"column-2\"><\/td><td class=\"column-3\"><\/td><td class=\"column-4\"><\/td>\n<\/tr>\n<tr class=\"row-42\">\n\t<td class=\"column-1\"><\/td><td class=\"column-2\"><\/td><td class=\"column-3\"><\/td><td class=\"column-4\"><\/td>\n<\/tr>\n<tr class=\"row-43\">\n\t<td class=\"column-1\"><\/td><td class=\"column-2\"><\/td><td class=\"column-3\"><\/td><td class=\"column-4\"><\/td>\n<\/tr>\n<tr class=\"row-44\">\n\t<td class=\"column-1\"><\/td><td class=\"column-2\"><\/td><td class=\"column-3\"><\/td><td class=\"column-4\"><\/td>\n<\/tr>\n<tr class=\"row-45\">\n\t<td class=\"column-1\"><\/td><td class=\"column-2\"><\/td><td class=\"column-3\"><\/td><td class=\"column-4\"><\/td>\n<\/tr>\n<tr class=\"row-46\">\n\t<td class=\"column-1\"><\/td><td class=\"column-2\"><\/td><td class=\"column-3\"><\/td><td class=\"column-4\"><\/td>\n<\/tr>\n<tr class=\"row-47\">\n\t<td class=\"column-1\"><\/td><td class=\"column-2\"><\/td><td class=\"column-3\"><\/td><td class=\"column-4\"><\/td>\n<\/tr>\n<tr class=\"row-48\">\n\t<td class=\"column-1\"><\/td><td class=\"column-2\"><\/td><td class=\"column-3\"><\/td><td class=\"column-4\"><\/td>\n<\/tr>\n<tr class=\"row-49\">\n\t<td class=\"column-1\"><\/td><td class=\"column-2\"><\/td><td class=\"column-3\"><\/td><td class=\"column-4\"><\/td>\n<\/tr>\n<tr class=\"row-50\">\n\t<td class=\"column-1\"><\/td><td class=\"column-2\"><\/td><td class=\"column-3\"><\/td><td class=\"column-4\"><\/td>\n<\/tr>\n<tr class=\"row-51\">\n\t<td class=\"column-1\"><\/td><td class=\"column-2\"><\/td><td class=\"column-3\"><\/td><td class=\"column-4\"><\/td>\n<\/tr>\n<tr class=\"row-52\">\n\t<td class=\"column-1\"><\/td><td class=\"column-2\"><\/td><td class=\"column-3\"><\/td><td class=\"column-4\"><\/td>\n<\/tr>\n<tr class=\"row-53\">\n\t<td class=\"column-1\"><\/td><td class=\"column-2\"><\/td><td class=\"column-3\"><\/td><td class=\"column-4\"><\/td>\n<\/tr>\n<tr class=\"row-54\">\n\t<td class=\"column-1\"><\/td><td class=\"column-2\"><\/td><td class=\"column-3\"><\/td><td class=\"column-4\"><\/td>\n<\/tr>\n<tr class=\"row-55\">\n\t<td class=\"column-1\"><\/td><td class=\"column-2\"><\/td><td class=\"column-3\"><\/td><td class=\"column-4\"><\/td>\n<\/tr>\n<tr class=\"row-56\">\n\t<td class=\"column-1\"><\/td><td class=\"column-2\"><\/td><td class=\"column-3\"><\/td><td class=\"column-4\"><\/td>\n<\/tr>\n<tr class=\"row-57\">\n\t<td class=\"column-1\"><\/td><td class=\"column-2\"><\/td><td class=\"column-3\"><\/td><td class=\"column-4\"><\/td>\n<\/tr>\n<tr class=\"row-58\">\n\t<td class=\"column-1\"><\/td><td class=\"column-2\"><\/td><td class=\"column-3\"><\/td><td class=\"column-4\"><\/td>\n<\/tr>\n<tr class=\"row-59\">\n\t<td class=\"column-1\"><\/td><td class=\"column-2\"><\/td><td class=\"column-3\"><\/td><td class=\"column-4\"><\/td>\n<\/tr>\n<tr class=\"row-60\">\n\t<td class=\"column-1\"><\/td><td class=\"column-2\"><\/td><td class=\"column-3\"><\/td><td class=\"column-4\"><\/td>\n<\/tr>\n<tr class=\"row-61\">\n\t<td class=\"column-1\"><\/td><td class=\"column-2\"><\/td><td class=\"column-3\"><\/td><td class=\"column-4\"><\/td>\n<\/tr>\n<tr class=\"row-62\">\n\t<td class=\"column-1\"><\/td><td class=\"column-2\"><\/td><td class=\"column-3\"><\/td><td class=\"column-4\"><\/td>\n<\/tr>\n<tr class=\"row-63\">\n\t<td class=\"column-1\"><\/td><td class=\"column-2\"><\/td><td class=\"column-3\"><\/td><td class=\"column-4\"><\/td>\n<\/tr>\n<tr class=\"row-64\">\n\t<td class=\"column-1\"><\/td><td class=\"column-2\"><\/td><td class=\"column-3\"><\/td><td class=\"column-4\"><\/td>\n<\/tr>\n<tr class=\"row-65\">\n\t<td class=\"column-1\"><\/td><td class=\"column-2\"><\/td><td class=\"column-3\"><\/td><td class=\"column-4\"><\/td>\n<\/tr>\n<\/tbody>\n<\/table>\n<!-- #tablepress-11 from cache -->","protected":false},"excerpt":{"rendered":"<p>Retrouvez tous les fichiers dans le tableau de l\u2019ann\u00e9e liturgique 2022-2023. Les feuilles du trimestre en cours.Feuilles de Saint-Joseph ++++++++++++++++++++++++++++++++++++++++++++++++++++++++++++++ Feuilles de Saint-L\u00e9on Tableau r\u00e9capitulatif des fichiers de feuilles de chants de l&rsquo;ann\u00e9e A 2023. Ann\u00e9e liturgique 2022-2023 Ann\u00e9e A Saint-JosephSaint-L\u00e9on Datec\u00e9l\u00e9brationpdf\/wordpdf\/word 27 novembre 20221er dimanche de l&rsquo;Avent 4 d\u00e9cembre 20222\u00e8me dimanche de l&rsquo;Avent 11 &hellip; <a href=\"https:\/\/saintjeandelacommanderie.fr\/?page_id=5468\" class=\"more-link\">Continuer la lecture de <span class=\"screen-reader-text\">Ann\u00e9e 2023 A<\/span><\/a><\/p>\n","protected":false},"author":1,"featured_media":0,"parent":36,"menu_order":1,"comment_status":"closed","ping_status":"closed","template":"","meta":{"footnotes":""},"class_list":["post-5468","page","type-page","status-publish","hentry"],"publishpress_future_workflow_manual_trigger":{"enabledWorkflows":[]},"_links":{"self":[{"href":"https:\/\/saintjeandelacommanderie.fr\/index.php?rest_route=\/wp\/v2\/pages\/5468","targetHints":{"allow":["GET"]}}],"collection":[{"href":"https:\/\/saintjeandelacommanderie.fr\/index.php?rest_route=\/wp\/v2\/pages"}],"about":[{"href":"https:\/\/saintjeandelacommanderie.fr\/index.php?rest_route=\/wp\/v2\/types\/page"}],"author":[{"embeddable":true,"href":"https:\/\/saintjeandelacommanderie.fr\/index.php?rest_route=\/wp\/v2\/users\/1"}],"replies":[{"embeddable":true,"href":"https:\/\/saintjeandelacommanderie.fr\/index.php?rest_route=%2Fwp%2Fv2%2Fcomments&post=5468"}],"version-history":[{"count":8,"href":"https:\/\/saintjeandelacommanderie.fr\/index.php?rest_route=\/wp\/v2\/pages\/5468\/revisions"}],"predecessor-version":[{"id":5541,"href":"https:\/\/saintjeandelacommanderie.fr\/index.php?rest_route=\/wp\/v2\/pages\/5468\/revisions\/5541"}],"up":[{"embeddable":true,"href":"https:\/\/saintjeandelacommanderie.fr\/index.php?rest_route=\/wp\/v2\/pages\/36"}],"wp:attachment":[{"href":"https:\/\/saintjeandelacommanderie.fr\/index.php?rest_route=%2Fwp%2Fv2%2Fmedia&parent=5468"}],"curies":[{"name":"wp","href":"https:\/\/api.w.org\/{rel}","templated":true}]}}