{"id":6399,"date":"2024-12-06T09:47:22","date_gmt":"2024-12-06T08:47:22","guid":{"rendered":"https:\/\/saintjeandelacommanderie.fr\/?page_id=6399"},"modified":"2026-05-11T13:23:08","modified_gmt":"2026-05-11T11:23:08","slug":"actualites-annonces-2","status":"publish","type":"page","link":"https:\/\/saintjeandelacommanderie.fr\/?page_id=6399","title":{"rendered":"Actualit\u00e9s\/Annonces"},"content":{"rendered":"\n<p>Toutes les feuilles d&rsquo;annonces de l&rsquo;ann\u00e9e liturgique \u00ab\u00a0C\u00a0\u00bb 2024-2025.<\/p>\n\n\n\n<!-- G\u00e9n\u00e9ration r\u00e9alis\u00e9e avec Document Gallery. Obtenez votre version ici :http:\/\/wordpress.org\/extend\/plugins\/document-gallery -->\n<div id=\"document-gallery-1\" class=\"document-gallery\" data-shortcode='{\"id\":6399,\"include\":\"6390,6397,6411,6437,6466,6469,6478,6492,6499,6515,6521,6530,6538,6544,6565,6576,6590,6597,6603,6616,6626,6648,6658,6677,6684,6727,6738,6758,6771,6784,6793,6800,6810,6827,6830,6836,6847\",\"exclude\":\"\",\"columns\":4,\"fancy\":true,\"order\":\"ASC\",\"orderby\":\"post__in\",\"relation\":\"AND\",\"limit\":-1,\"mime_types\":\"application,video,text,audio,image\",\"new_window\":true,\"paginate\":true,\"post_status\":\"any\",\"post_type\":\"attachment\",\"attachment_pg\":false,\"descriptions\":false,\"skip\":0}' style='--dg-icon-width: 24%'>\n<div class='document-icon-row'>\n   <div class=\"document-icon\">\n      <a href=\"https:\/\/saintjeandelacommanderie.fr\/wp-content\/uploads\/2024\/11\/annonces-du-01-12-24.pdf\" target=\"_blank\">\n         <img decoding=\"async\" src=\"https:\/\/saintjeandelacommanderie.fr\/wp-content\/uploads\/2024\/11\/annonces-du-01-12-24-thumb.png\" title=\"Annonces du1er d\u00e9cembre 2024\" alt=\"Annonces du1er d\u00e9cembre 2024\" data-ext=\"pdf\"\/>\n         <span class=\"title\">Annonces du<br \/>1<sup>er<\/sup> d\u00e9cembre 2024<\/span>\n      <\/a>\n   <\/div>\n   <div class=\"document-icon\">\n      <a href=\"https:\/\/saintjeandelacommanderie.fr\/wp-content\/uploads\/2024\/12\/annonces-du-08-12-24.pdf\" target=\"_blank\">\n         <img decoding=\"async\" src=\"https:\/\/saintjeandelacommanderie.fr\/wp-content\/uploads\/2024\/12\/annonces-du-08-12-24-thumb.png\" title=\"Annonces du8 d\u00e9cembre 2024\" alt=\"Annonces du8 d\u00e9cembre 2024\" data-ext=\"pdf\"\/>\n         <span class=\"title\">Annonces du<br \/>8 d\u00e9cembre 2024<\/span>\n      <\/a>\n   <\/div>\n   <div class=\"document-icon\">\n      <a href=\"https:\/\/saintjeandelacommanderie.fr\/wp-content\/uploads\/2024\/12\/annonces-du-15-12-24.pdf\" target=\"_blank\">\n         <img decoding=\"async\" src=\"https:\/\/saintjeandelacommanderie.fr\/wp-content\/uploads\/2024\/12\/annonces-du-15-12-24-thumb.png\" title=\"Annonces du15 d\u00e9cembre 2024\" alt=\"Annonces du15 d\u00e9cembre 2024\" data-ext=\"pdf\"\/>\n         <span class=\"title\">Annonces du<br \/>15 d\u00e9cembre 2024<\/span>\n      <\/a>\n   <\/div>\n   <div class=\"document-icon\">\n      <a href=\"https:\/\/saintjeandelacommanderie.fr\/wp-content\/uploads\/2024\/12\/annonces-du-22-12-24.pdf\" target=\"_blank\">\n         <img decoding=\"async\" src=\"https:\/\/saintjeandelacommanderie.fr\/wp-content\/uploads\/2024\/12\/annonces-du-22-12-24-thumb.png\" title=\"Annonces du22 d\u00e9cembre 2024\" alt=\"Annonces du22 d\u00e9cembre 2024\" data-ext=\"pdf\"\/>\n         <span class=\"title\">Annonces du<br \/>22 d\u00e9cembre 2024<\/span>\n      <\/a>\n   <\/div>\n\n<\/div>\n<div class='document-icon-row'>\n   <div class=\"document-icon\">\n      <a href=\"https:\/\/saintjeandelacommanderie.fr\/wp-content\/uploads\/2025\/01\/annonces-du-19-01-25.pdf\" target=\"_blank\">\n         <img decoding=\"async\" src=\"https:\/\/saintjeandelacommanderie.fr\/wp-content\/uploads\/2025\/01\/annonces-du-19-01-25-thumb.png\" title=\"Annonces du19 janvier 2025\" alt=\"Annonces du19 janvier 2025\" data-ext=\"pdf\"\/>\n         <span class=\"title\">Annonces du<br \/>19 janvier 2025<\/span>\n      <\/a>\n   <\/div>\n   <div class=\"document-icon\">\n      <a href=\"https:\/\/saintjeandelacommanderie.fr\/wp-content\/uploads\/2025\/01\/annonces-du-26-01-25.pdf\" target=\"_blank\">\n         <img decoding=\"async\" src=\"https:\/\/saintjeandelacommanderie.fr\/wp-content\/uploads\/2025\/01\/annonces-du-26-01-25-thumb.png\" title=\"Annonces du26 janvier 2025\" alt=\"Annonces du26 janvier 2025\" data-ext=\"pdf\"\/>\n         <span class=\"title\">Annonces du<br \/>26 janvier 2025<\/span>\n      <\/a>\n   <\/div>\n   <div class=\"document-icon\">\n      <a href=\"https:\/\/saintjeandelacommanderie.fr\/wp-content\/uploads\/2025\/01\/annonces-du-02-02-25.pdf\" target=\"_blank\">\n         <img decoding=\"async\" src=\"https:\/\/saintjeandelacommanderie.fr\/wp-content\/uploads\/2025\/01\/annonces-du-02-02-25-thumb.png\" title=\"Annonces du2 f\u00e9vrier 2025\" alt=\"Annonces du2 f\u00e9vrier 2025\" data-ext=\"pdf\"\/>\n         <span class=\"title\">Annonces du<br \/>2 f\u00e9vrier 2025<\/span>\n      <\/a>\n   <\/div>\n   <div class=\"document-icon\">\n      <a href=\"https:\/\/saintjeandelacommanderie.fr\/wp-content\/uploads\/2025\/02\/annonces-du-23-02-25.pdf\" target=\"_blank\">\n         <img decoding=\"async\" src=\"https:\/\/saintjeandelacommanderie.fr\/wp-content\/uploads\/2025\/02\/annonces-du-23-02-25-thumb.png\" title=\"Annonces du23 f\u00e9vrier 2025\" alt=\"Annonces du23 f\u00e9vrier 2025\" data-ext=\"pdf\"\/>\n         <span class=\"title\">Annonces du<br \/br>23 f\u00e9vrier 2025<\/span>\n      <\/a>\n   <\/div>\n\n<\/div>\n<div class='document-icon-row'>\n   <div class=\"document-icon\">\n      <a href=\"https:\/\/saintjeandelacommanderie.fr\/wp-content\/uploads\/2025\/02\/annonces-du-02-03-25.pdf\" target=\"_blank\">\n         <img decoding=\"async\" src=\"https:\/\/saintjeandelacommanderie.fr\/wp-content\/uploads\/2025\/02\/annonces-du-02-03-25-thumb.png\" title=\"Annonces du2 mars 2025\" alt=\"Annonces du2 mars 2025\" data-ext=\"pdf\"\/>\n         <span class=\"title\">Annonces du<br \/>2 mars 2025<\/span>\n      <\/a>\n   <\/div>\n   <div class=\"document-icon\">\n      <a href=\"https:\/\/saintjeandelacommanderie.fr\/wp-content\/uploads\/2025\/03\/annonces-du-09-03-25.pdf\" target=\"_blank\">\n         <img decoding=\"async\" src=\"https:\/\/saintjeandelacommanderie.fr\/wp-content\/uploads\/2025\/03\/annonces-du-09-03-25-thumb.png\" title=\"Annonces du9 mars 2025\" alt=\"Annonces du9 mars 2025\" data-ext=\"pdf\"\/>\n         <span class=\"title\">Annonces du<br \/br>9 mars 2025<\/span>\n      <\/a>\n   <\/div>\n   <div class=\"document-icon\">\n      <a href=\"https:\/\/saintjeandelacommanderie.fr\/wp-content\/uploads\/2025\/03\/annonces-du-16-03-25.pdf\" target=\"_blank\">\n         <img decoding=\"async\" src=\"https:\/\/saintjeandelacommanderie.fr\/wp-content\/uploads\/2025\/03\/annonces-du-16-03-25-thumb.png\" title=\"Annonces du16 mars 2025\" alt=\"Annonces du16 mars 2025\" data-ext=\"pdf\"\/>\n         <span class=\"title\">Annonces du<br \/>16 mars 2025<\/span>\n      <\/a>\n   <\/div>\n   <div class=\"document-icon\">\n      <a href=\"https:\/\/saintjeandelacommanderie.fr\/wp-content\/uploads\/2025\/03\/annonces-du-23-03-25.pdf\" target=\"_blank\">\n         <img decoding=\"async\" src=\"https:\/\/saintjeandelacommanderie.fr\/wp-content\/uploads\/2025\/03\/annonces-du-23-03-25-thumb.png\" title=\"Annonces du23 mars 2025\" alt=\"Annonces du23 mars 2025\" data-ext=\"pdf\"\/>\n         <span class=\"title\">Annonces du<br \/>23 mars 2025<\/span>\n      <\/a>\n   <\/div>\n\n<\/div>\n<div class='document-icon-row'>\n   <div class=\"document-icon\">\n      <a href=\"https:\/\/saintjeandelacommanderie.fr\/wp-content\/uploads\/2025\/03\/annonces-du-30-03-25.pdf\" target=\"_blank\">\n         <img decoding=\"async\" src=\"https:\/\/saintjeandelacommanderie.fr\/wp-content\/uploads\/2025\/03\/annonces-du-30-03-25-thumb.png\" title=\"Annonces du30 mars 2025\" alt=\"Annonces du30 mars 2025\" data-ext=\"pdf\"\/>\n         <span class=\"title\">Annonces du<br \/>30 mars 2025<\/span>\n      <\/a>\n   <\/div>\n   <div class=\"document-icon\">\n      <a href=\"https:\/\/saintjeandelacommanderie.fr\/wp-content\/uploads\/2025\/04\/annonces-du-06-04-25.pdf\" target=\"_blank\">\n         <img decoding=\"async\" src=\"https:\/\/saintjeandelacommanderie.fr\/wp-content\/uploads\/2025\/04\/annonces-du-06-04-25-thumb.png\" title=\"Annonces du6 avril 2025\" alt=\"Annonces du6 avril 2025\" data-ext=\"pdf\"\/>\n         <span class=\"title\">Annonces du<br \/>6 avril 2025<\/span>\n      <\/a>\n   <\/div>\n   <div class=\"document-icon\">\n      <a href=\"https:\/\/saintjeandelacommanderie.fr\/wp-content\/uploads\/2025\/04\/annonces-du-20-04-25.pdf\" target=\"_blank\">\n         <img decoding=\"async\" src=\"https:\/\/saintjeandelacommanderie.fr\/wp-content\/uploads\/2025\/04\/annonces-du-20-04-25-thumb.png\" title=\"Annonces du20 avril 2025P\u00e2ques\" alt=\"Annonces du20 avril 2025P\u00e2ques\" data-ext=\"pdf\"\/>\n         <span class=\"title\">Annonces du<br \/>20 avril 2025<br \/>P\u00e2ques<\/span>\n      <\/a>\n   <\/div>\n   <div class=\"document-icon\">\n      <a href=\"https:\/\/saintjeandelacommanderie.fr\/wp-content\/uploads\/2025\/04\/annonces-du-27-04-25.pdf\" target=\"_blank\">\n         <img decoding=\"async\" src=\"https:\/\/saintjeandelacommanderie.fr\/wp-content\/uploads\/2025\/04\/annonces-du-27-04-25-thumb.png\" title=\"Annonces du27 avril 2025\" alt=\"Annonces du27 avril 2025\" data-ext=\"pdf\"\/>\n         <span class=\"title\">Annonces du<br \/>27 avril 2025<\/span>\n      <\/a>\n   <\/div>\n\n<\/div>\n<div class='document-icon-row'>\n   <div class=\"document-icon\">\n      <a href=\"https:\/\/saintjeandelacommanderie.fr\/wp-content\/uploads\/2022\/04\/annonces-du-11-05-25.pdf\" target=\"_blank\">\n         <img decoding=\"async\" src=\"https:\/\/saintjeandelacommanderie.fr\/wp-content\/uploads\/2025\/05\/annonces-du-11-05-25-thumb.png\" title=\"annonces-du-11-05-25\" alt=\"annonces-du-11-05-25\" data-ext=\"pdf\"\/>\n         <span class=\"title\">annonces-du-11-05-25<\/span>\n      <\/a>\n   <\/div>\n   <div class=\"document-icon\">\n      <a href=\"https:\/\/saintjeandelacommanderie.fr\/wp-content\/uploads\/2025\/05\/annonces-du-18-05-25.pdf\" target=\"_blank\">\n         <img decoding=\"async\" src=\"https:\/\/saintjeandelacommanderie.fr\/wp-content\/uploads\/2025\/05\/annonces-du-18-05-25-thumb.png\" title=\"Annonces du18 mai 2025\" alt=\"Annonces du18 mai 2025\" data-ext=\"pdf\"\/>\n         <span class=\"title\">Annonces du<br \/>18 mai 2025<\/span>\n      <\/a>\n   <\/div>\n   <div class=\"document-icon\">\n      <a href=\"https:\/\/saintjeandelacommanderie.fr\/wp-content\/uploads\/2025\/05\/annonces-du-25-05-25.pdf\" target=\"_blank\">\n         <img decoding=\"async\" src=\"https:\/\/saintjeandelacommanderie.fr\/wp-content\/uploads\/2025\/05\/annonces-du-25-05-25-thumb.png\" title=\"Annonces du25 mai 2025\" alt=\"Annonces du25 mai 2025\" data-ext=\"pdf\"\/>\n         <span class=\"title\">Annonces du<br \/>25 mai 2025<\/span>\n      <\/a>\n   <\/div>\n   <div class=\"document-icon\">\n      <a href=\"https:\/\/saintjeandelacommanderie.fr\/wp-content\/uploads\/2025\/05\/annonces-du-01-06-25.pdf\" target=\"_blank\">\n         <img decoding=\"async\" src=\"https:\/\/saintjeandelacommanderie.fr\/wp-content\/uploads\/2025\/05\/annonces-du-01-06-25-thumb.png\" title=\"Annonces du 1er juin 2025\" alt=\"Annonces du 1er juin 2025\" data-ext=\"pdf\"\/>\n         <span class=\"title\">Annonces du 1<sup>er<\/sup> juin 2025<\/span>\n      <\/a>\n   <\/div>\n\n<\/div>\n<div class='document-icon-row'>\n   <div class=\"document-icon\">\n      <a href=\"https:\/\/saintjeandelacommanderie.fr\/wp-content\/uploads\/2025\/06\/annonces-du-08-06-25.pdf\" target=\"_blank\">\n         <img decoding=\"async\" src=\"https:\/\/saintjeandelacommanderie.fr\/wp-content\/uploads\/2025\/06\/annonces-du-08-06-25-thumb.png\" title=\"Annoncesdu 8 juin 2025Pentec\u00f4te\" alt=\"Annoncesdu 8 juin 2025Pentec\u00f4te\" data-ext=\"pdf\"\/>\n         <span class=\"title\">Annonces<br \/>du 8 juin 2025<br \/>Pentec\u00f4te<\/span>\n      <\/a>\n   <\/div>\n   <div class=\"document-icon\">\n      <a href=\"https:\/\/saintjeandelacommanderie.fr\/wp-content\/uploads\/2025\/06\/annonces-du-15-06-25.pdf\" target=\"_blank\">\n         <img decoding=\"async\" src=\"https:\/\/saintjeandelacommanderie.fr\/wp-content\/uploads\/2025\/06\/annonces-du-15-06-25-thumb.png\" title=\"Annonces du15 juin 2025La Sainte Trinit\u00e9\" alt=\"Annonces du15 juin 2025La Sainte Trinit\u00e9\" data-ext=\"pdf\"\/>\n         <span class=\"title\">Annonces du<br \/>15 juin 2025<br \/>La Sainte Trinit\u00e9<\/span>\n      <\/a>\n   <\/div>\n   <div class=\"document-icon\">\n      <a href=\"https:\/\/saintjeandelacommanderie.fr\/wp-content\/uploads\/2025\/06\/annonces-du-22-06-25.pdf\" target=\"_blank\">\n         <img decoding=\"async\" src=\"https:\/\/saintjeandelacommanderie.fr\/wp-content\/uploads\/2025\/06\/annonces-du-22-06-25-thumb.png\" title=\"Annonces du22 juin 2025Saint Sacrement\" alt=\"Annonces du22 juin 2025Saint Sacrement\" data-ext=\"pdf\"\/>\n         <span class=\"title\">Annonces du<br \/>22 juin 2025<br \/>Saint Sacrement<\/span>\n      <\/a>\n   <\/div>\n   <div class=\"document-icon\">\n      <a href=\"https:\/\/saintjeandelacommanderie.fr\/wp-content\/uploads\/2025\/06\/mot-du-cure001.pdf\" target=\"_blank\">\n         <img decoding=\"async\" src=\"https:\/\/saintjeandelacommanderie.fr\/wp-content\/uploads\/2025\/06\/mot-du-cure001-thumb.png\" title=\"mot du cur\u00e929 juin 2025\" alt=\"mot du cur\u00e929 juin 2025\" data-ext=\"pdf\"\/>\n         <span class=\"title\">mot du cur\u00e9<br \/>29 juin 2025<\/span>\n      <\/a>\n   <\/div>\n\n<\/div>\n<div class='document-icon-row'>\n   <div class=\"document-icon\">\n      <a href=\"https:\/\/saintjeandelacommanderie.fr\/wp-content\/uploads\/2025\/07\/annonces-du-06-07-25.pdf\" target=\"_blank\">\n         <img decoding=\"async\" src=\"https:\/\/saintjeandelacommanderie.fr\/wp-content\/uploads\/2025\/07\/annonces-du-06-07-25-thumb.png\" title=\"Annonces du6 juillet 2025\" alt=\"Annonces du6 juillet 2025\" data-ext=\"pdf\"\/>\n         <span class=\"title\">Annonces du<br \/>6 juillet 2025<\/span>\n      <\/a>\n   <\/div>\n   <div class=\"document-icon\">\n      <a href=\"https:\/\/saintjeandelacommanderie.fr\/wp-content\/uploads\/2025\/08\/annonces-du-31-08-25.pdf\" target=\"_blank\">\n         <img decoding=\"async\" src=\"https:\/\/saintjeandelacommanderie.fr\/wp-content\/uploads\/2025\/08\/annonces-du-31-08-25-thumb.png\" title=\"Annonces du31 ao\u00fbt 2025\" alt=\"Annonces du31 ao\u00fbt 2025\" data-ext=\"pdf\"\/>\n         <span class=\"title\">Annonces du<br \/>31 ao\u00fbt 2025<\/span>\n      <\/a>\n   <\/div>\n   <div class=\"document-icon\">\n      <a href=\"https:\/\/saintjeandelacommanderie.fr\/wp-content\/uploads\/2025\/09\/annonces-du-07-09-25.pdf\" target=\"_blank\">\n         <img decoding=\"async\" src=\"https:\/\/saintjeandelacommanderie.fr\/wp-content\/uploads\/2025\/09\/annonces-du-07-09-25-thumb.png\" title=\"Annonces du7 septembre 2025\" alt=\"Annonces du7 septembre 2025\" data-ext=\"pdf\"\/>\n         <span class=\"title\">Annonces du<br \/>7 septembre 2025<\/span>\n      <\/a>\n   <\/div>\n   <div class=\"document-icon\">\n      <a href=\"https:\/\/saintjeandelacommanderie.fr\/wp-content\/uploads\/2025\/09\/annonces-du-21-09-25.pdf\" target=\"_blank\">\n         <img decoding=\"async\" src=\"https:\/\/saintjeandelacommanderie.fr\/wp-content\/uploads\/2025\/09\/annonces-du-21-09-25-thumb.png\" title=\"Annonces du21 septembre 2025\" alt=\"Annonces du21 septembre 2025\" data-ext=\"pdf\"\/>\n         <span class=\"title\">Annonces du<br \/>21 septembre 2025<\/span>\n      <\/a>\n   <\/div>\n\n<\/div>\n<div class='document-icon-row'>\n   <div class=\"document-icon\">\n      <a href=\"https:\/\/saintjeandelacommanderie.fr\/wp-content\/uploads\/2025\/09\/annonces-du-28-09-25.pdf\" target=\"_blank\">\n         <img decoding=\"async\" src=\"https:\/\/saintjeandelacommanderie.fr\/wp-content\/uploads\/2025\/09\/annonces-du-28-09-25-thumb.png\" title=\"Annonces du28 septembre 2025\" alt=\"Annonces du28 septembre 2025\" data-ext=\"pdf\"\/>\n         <span class=\"title\">Annonces du<br \/>28 septembre 2025<\/span>\n      <\/a>\n   <\/div>\n   <div class=\"document-icon\">\n      <a href=\"https:\/\/saintjeandelacommanderie.fr\/wp-content\/uploads\/2025\/10\/annonces-du-05-10-25.pdf\" target=\"_blank\">\n         <img decoding=\"async\" src=\"https:\/\/saintjeandelacommanderie.fr\/wp-content\/uploads\/2025\/10\/annonces-du-05-10-25-thumb.png\" title=\"annonces du5 octobre 2025\" alt=\"annonces du5 octobre 2025\" data-ext=\"pdf\"\/>\n         <span class=\"title\">annonces du<br \/>5 octobre 2025<\/span>\n      <\/a>\n   <\/div>\n   <div class=\"document-icon\">\n      <a href=\"https:\/\/saintjeandelacommanderie.fr\/wp-content\/uploads\/2025\/10\/annonces-du-12-10-25.pdf\" target=\"_blank\">\n         <img decoding=\"async\" src=\"https:\/\/saintjeandelacommanderie.fr\/wp-content\/uploads\/2025\/10\/annonces-du-12-10-25-thumb.png\" title=\"Annonces du12 octobre 2025\" alt=\"Annonces du12 octobre 2025\" data-ext=\"pdf\"\/>\n         <span class=\"title\">Annonces du<br \/>12 octobre 2025<\/span>\n      <\/a>\n   <\/div>\n   <div class=\"document-icon\">\n      <a href=\"https:\/\/saintjeandelacommanderie.fr\/wp-content\/uploads\/2025\/10\/annonces-du-19-10-25.pdf\" target=\"_blank\">\n         <img decoding=\"async\" src=\"https:\/\/saintjeandelacommanderie.fr\/wp-content\/uploads\/2025\/10\/annonces-du-19-10-25-thumb.png\" title=\"Annonces du19 octobre 2025\" alt=\"Annonces du19 octobre 2025\" data-ext=\"pdf\"\/>\n         <span class=\"title\">Annonces du<br \/>19 octobre 2025<\/span>\n      <\/a>\n   <\/div>\n\n<\/div>\n<div class='document-icon-row'>\n   <div class=\"document-icon\">\n      <a href=\"https:\/\/saintjeandelacommanderie.fr\/wp-content\/uploads\/2025\/10\/annonces-du-26-10-25.pdf\" target=\"_blank\">\n         <img decoding=\"async\" src=\"https:\/\/saintjeandelacommanderie.fr\/wp-content\/uploads\/2025\/10\/annonces-du-26-10-25-thumb.png\" title=\"Annonces du26 octobre 2025\" alt=\"Annonces du26 octobre 2025\" data-ext=\"pdf\"\/>\n         <span class=\"title\">Annonces du<br \/>26 octobre 2025<\/span>\n      <\/a>\n   <\/div>\n   <div class=\"document-icon\">\n      <a href=\"https:\/\/saintjeandelacommanderie.fr\/wp-content\/uploads\/2025\/10\/annonces-du-02-11-25.pdf\" target=\"_blank\">\n         <img decoding=\"async\" src=\"https:\/\/saintjeandelacommanderie.fr\/wp-content\/uploads\/2025\/10\/annonces-du-02-11-25-thumb.png\" title=\"Annonces du2 novembre 2025\" alt=\"Annonces du2 novembre 2025\" data-ext=\"pdf\"\/>\n         <span class=\"title\">Annonces du<br \/>2 novembre 2025<\/span>\n      <\/a>\n   <\/div>\n   <div class=\"document-icon\">\n      <a href=\"https:\/\/saintjeandelacommanderie.fr\/wp-content\/uploads\/2025\/11\/annonces-du-09-11-25.pdf\" target=\"_blank\">\n         <img decoding=\"async\" src=\"https:\/\/saintjeandelacommanderie.fr\/wp-content\/uploads\/2025\/11\/annonces-du-09-11-25-thumb.png\" title=\"Annonces du9 novembre 2025\" alt=\"Annonces du9 novembre 2025\" data-ext=\"pdf\"\/>\n         <span class=\"title\">Annonces du<br \/>9 novembre 2025<\/span>\n      <\/a>\n   <\/div>\n   <div class=\"document-icon\">\n      <a href=\"https:\/\/saintjeandelacommanderie.fr\/wp-content\/uploads\/2025\/11\/annonces-du-16-11-25-modifiees.pdf\" target=\"_blank\">\n         <img decoding=\"async\" src=\"https:\/\/saintjeandelacommanderie.fr\/wp-content\/uploads\/2025\/11\/annonces-du-16-11-25-modifiees-thumb.png\" title=\"Annonces du16 novembre 2025\" alt=\"Annonces du16 novembre 2025\" data-ext=\"pdf\"\/>\n         <span class=\"title\">Annonces du<br \/>16 novembre 2025<\/span>\n      <\/a>\n   <\/div>\n\n<\/div>\n<div class='document-icon-row'>\n   <div class=\"document-icon\">\n      <a href=\"https:\/\/saintjeandelacommanderie.fr\/wp-content\/uploads\/2025\/11\/annonces-du-23-11-25.pdf\" target=\"_blank\">\n         <img decoding=\"async\" src=\"https:\/\/saintjeandelacommanderie.fr\/wp-content\/uploads\/2025\/11\/annonces-du-23-11-25-thumb.png\" title=\"Annonces du23 novembre 2025Le Christ Roi\" alt=\"Annonces du23 novembre 2025Le Christ Roi\" data-ext=\"pdf\"\/>\n         <span class=\"title\">Annonces du<br \/>23 novembre 2025<br \/>Le Christ Roi<\/span>\n      <\/a>\n   <\/div>\n\n<\/div>\n<\/div>\n\n\n<p><\/p>\n\n\n\n<p><\/p>\n","protected":false},"excerpt":{"rendered":"<p>Toutes les feuilles d&rsquo;annonces de l&rsquo;ann\u00e9e liturgique \u00ab\u00a0C\u00a0\u00bb 2024-2025.<\/p>\n","protected":false},"author":1,"featured_media":0,"parent":0,"menu_order":0,"comment_status":"closed","ping_status":"closed","template":"","meta":{"footnotes":""},"class_list":["post-6399","page","type-page","status-publish","hentry"],"publishpress_future_workflow_manual_trigger":{"enabledWorkflows":[]},"_links":{"self":[{"href":"https:\/\/saintjeandelacommanderie.fr\/index.php?rest_route=\/wp\/v2\/pages\/6399","targetHints":{"allow":["GET"]}}],"collection":[{"href":"https:\/\/saintjeandelacommanderie.fr\/index.php?rest_route=\/wp\/v2\/pages"}],"about":[{"href":"https:\/\/saintjeandelacommanderie.fr\/index.php?rest_route=\/wp\/v2\/types\/page"}],"author":[{"embeddable":true,"href":"https:\/\/saintjeandelacommanderie.fr\/index.php?rest_route=\/wp\/v2\/users\/1"}],"replies":[{"embeddable":true,"href":"https:\/\/saintjeandelacommanderie.fr\/index.php?rest_route=%2Fwp%2Fv2%2Fcomments&post=6399"}],"version-history":[{"count":46,"href":"https:\/\/saintjeandelacommanderie.fr\/index.php?rest_route=\/wp\/v2\/pages\/6399\/revisions"}],"predecessor-version":[{"id":7105,"href":"https:\/\/saintjeandelacommanderie.fr\/index.php?rest_route=\/wp\/v2\/pages\/6399\/revisions\/7105"}],"wp:attachment":[{"href":"https:\/\/saintjeandelacommanderie.fr\/index.php?rest_route=%2Fwp%2Fv2%2Fmedia&parent=6399"}],"curies":[{"name":"wp","href":"https:\/\/api.w.org\/{rel}","templated":true}]}}