{"id":6861,"date":"2025-11-27T14:46:40","date_gmt":"2025-11-27T13:46:40","guid":{"rendered":"https:\/\/saintjeandelacommanderie.fr\/?page_id=6861"},"modified":"2026-01-31T18:40:39","modified_gmt":"2026-01-31T17:40:39","slug":"annonces-2025-2026-annee-a","status":"publish","type":"page","link":"https:\/\/saintjeandelacommanderie.fr\/?page_id=6861","title":{"rendered":"Annonces 2025-2026 &#8211; Ann\u00e9e &#8211; A"},"content":{"rendered":"\n<p>Toutes les feuilles d&rsquo;annonces de l&rsquo;ann\u00e9e liturgique \u00ab\u00a0A\u00a0\u00bb &#8211; 2025-2026<\/p>\n\n\n\n<!-- G\u00e9n\u00e9ration r\u00e9alis\u00e9e avec Document Gallery. Obtenez votre version ici :http:\/\/wordpress.org\/extend\/plugins\/document-gallery -->\n<div id=\"document-gallery-1\" class=\"document-gallery\" data-shortcode='{\"id\":6861,\"include\":\"6860,6873,6897,6918,6947,6954,6962,6970\",\"exclude\":\"\",\"columns\":4,\"fancy\":true,\"order\":\"ASC\",\"orderby\":\"post__in\",\"relation\":\"AND\",\"limit\":-1,\"mime_types\":\"application,video,text,audio,image\",\"new_window\":true,\"paginate\":true,\"post_status\":\"any\",\"post_type\":\"attachment\",\"attachment_pg\":false,\"descriptions\":false,\"skip\":0}' style='--dg-icon-width: 24%'>\n<div class='document-icon-row'>\n   <div class=\"document-icon\">\n      <a href=\"https:\/\/saintjeandelacommanderie.fr\/wp-content\/uploads\/2025\/11\/annonces-du-30-11-25.pdf\" target=\"_blank\">\n         <img decoding=\"async\" src=\"https:\/\/saintjeandelacommanderie.fr\/wp-content\/uploads\/2025\/11\/annonces-du-30-11-25-thumb.png\" title=\"Annonces du30 novembre 2025\" alt=\"Annonces du30 novembre 2025\" data-ext=\"pdf\"\/>\n         <span class=\"title\">Annonces du<br \/>30 novembre 2025<\/span>\n      <\/a>\n   <\/div>\n   <div class=\"document-icon\">\n      <a href=\"https:\/\/saintjeandelacommanderie.fr\/wp-content\/uploads\/2025\/12\/annonces-du-07-12-25.pdf\" target=\"_blank\">\n         <img decoding=\"async\" src=\"https:\/\/saintjeandelacommanderie.fr\/wp-content\/uploads\/2025\/12\/annonces-du-07-12-25-thumb.png\" title=\"Annonces du7 d\u00e9cembre 2025\" alt=\"Annonces du7 d\u00e9cembre 2025\" data-ext=\"pdf\"\/>\n         <span class=\"title\">Annonces du<br \/>7 d\u00e9cembre 2025<\/span>\n      <\/a>\n   <\/div>\n   <div class=\"document-icon\">\n      <a href=\"https:\/\/saintjeandelacommanderie.fr\/wp-content\/uploads\/2025\/12\/annonces-du-14-12-25.pdf\" target=\"_blank\">\n         <img decoding=\"async\" src=\"https:\/\/saintjeandelacommanderie.fr\/wp-content\/uploads\/2025\/12\/annonces-du-14-12-25-thumb.png\" title=\"Annonces du 14 d\u00e9cembre 2025\" alt=\"Annonces du 14 d\u00e9cembre 2025\" data-ext=\"pdf\"\/>\n         <span class=\"title\">Annonces du<br \/> 14 d\u00e9cembre 2025<\/span>\n      <\/a>\n   <\/div>\n   <div class=\"document-icon\">\n      <a href=\"https:\/\/saintjeandelacommanderie.fr\/wp-content\/uploads\/2025\/12\/annonces-du-21-12-25.pdf\" target=\"_blank\">\n         <img decoding=\"async\" src=\"https:\/\/saintjeandelacommanderie.fr\/wp-content\/uploads\/2025\/12\/annonces-du-21-12-25-thumb.png\" title=\"Annonces du21 d\u00e9cembre 2025\" alt=\"Annonces du21 d\u00e9cembre 2025\" data-ext=\"pdf\"\/>\n         <span class=\"title\">Annonces du<br \/>21 d\u00e9cembre 2025<\/span>\n      <\/a>\n   <\/div>\n\n<\/div>\n<div class='document-icon-row'>\n   <div class=\"document-icon\">\n      <a href=\"https:\/\/saintjeandelacommanderie.fr\/wp-content\/uploads\/2026\/01\/annonces-du-11-01-26.pdf\" target=\"_blank\">\n         <img decoding=\"async\" src=\"https:\/\/saintjeandelacommanderie.fr\/wp-content\/uploads\/2026\/01\/annonces-du-11-01-26-thumb.png\" title=\"Annonces du11 janvier 2026\" alt=\"Annonces du11 janvier 2026\" data-ext=\"pdf\"\/>\n         <span class=\"title\">Annonces du<br \/>11 janvier 2026<\/span>\n      <\/a>\n   <\/div>\n   <div class=\"document-icon\">\n      <a href=\"https:\/\/saintjeandelacommanderie.fr\/wp-content\/uploads\/2026\/01\/annonces-du-18-01-26.pdf\" target=\"_blank\">\n         <img decoding=\"async\" src=\"https:\/\/saintjeandelacommanderie.fr\/wp-content\/uploads\/2026\/01\/annonces-du-18-01-26-thumb.png\" title=\"Annonces du18 janvier 2026\" alt=\"Annonces du18 janvier 2026\" data-ext=\"pdf\"\/>\n         <span class=\"title\">Annonces du<br \/>18 janvier 2026<\/span>\n      <\/a>\n   <\/div>\n   <div class=\"document-icon\">\n      <a href=\"https:\/\/saintjeandelacommanderie.fr\/wp-content\/uploads\/2026\/01\/annonces-du-25-01-26.pdf\" target=\"_blank\">\n         <img decoding=\"async\" src=\"https:\/\/saintjeandelacommanderie.fr\/wp-content\/uploads\/2026\/01\/annonces-du-25-01-26-thumb.png\" title=\"Annonces du25 janvier 2026\" alt=\"Annonces du25 janvier 2026\" data-ext=\"pdf\"\/>\n         <span class=\"title\">Annonces du<br \/>25 janvier 2026<\/span>\n      <\/a>\n   <\/div>\n   <div class=\"document-icon\">\n      <a href=\"https:\/\/saintjeandelacommanderie.fr\/wp-content\/uploads\/2026\/01\/annonces-du-01-02-26.pdf\" target=\"_blank\">\n         <img decoding=\"async\" src=\"https:\/\/saintjeandelacommanderie.fr\/wp-content\/uploads\/2026\/01\/annonces-du-01-02-26-thumb.png\" title=\"Annonces du1er f\u00e9vrier 2026\" alt=\"Annonces du1er f\u00e9vrier 2026\" data-ext=\"pdf\"\/>\n         <span class=\"title\">Annonces du<br \/>1<sup>er<\/sup> f\u00e9vrier 2026<\/span>\n      <\/a>\n   <\/div>\n\n<\/div>\n<\/div>\n\n\n<div style=\"height:100px\" aria-hidden=\"true\" class=\"wp-block-spacer\"><\/div>\n\n\n\n<p>Retrouvez avec ce <a href=\"https:\/\/saintjeandelacommanderie.fr\/?page_id=6399\" data-type=\"page\" data-id=\"6399\" target=\"_blank\" rel=\"noreferrer noopener\">lien <\/a>les annonces de l&rsquo;ann\u00e9e liturgique C 2024-2025<\/p>\n","protected":false},"excerpt":{"rendered":"<p>Toutes les feuilles d&rsquo;annonces de l&rsquo;ann\u00e9e liturgique \u00ab\u00a0A\u00a0\u00bb &#8211; 2025-2026 Retrouvez avec ce lien les annonces de l&rsquo;ann\u00e9e liturgique C 2024-2025<\/p>\n","protected":false},"author":1,"featured_media":0,"parent":0,"menu_order":0,"comment_status":"closed","ping_status":"closed","template":"","meta":{"footnotes":""},"class_list":["post-6861","page","type-page","status-publish","hentry"],"publishpress_future_workflow_manual_trigger":{"enabledWorkflows":[]},"_links":{"self":[{"href":"https:\/\/saintjeandelacommanderie.fr\/index.php?rest_route=\/wp\/v2\/pages\/6861","targetHints":{"allow":["GET"]}}],"collection":[{"href":"https:\/\/saintjeandelacommanderie.fr\/index.php?rest_route=\/wp\/v2\/pages"}],"about":[{"href":"https:\/\/saintjeandelacommanderie.fr\/index.php?rest_route=\/wp\/v2\/types\/page"}],"author":[{"embeddable":true,"href":"https:\/\/saintjeandelacommanderie.fr\/index.php?rest_route=\/wp\/v2\/users\/1"}],"replies":[{"embeddable":true,"href":"https:\/\/saintjeandelacommanderie.fr\/index.php?rest_route=%2Fwp%2Fv2%2Fcomments&post=6861"}],"version-history":[{"count":13,"href":"https:\/\/saintjeandelacommanderie.fr\/index.php?rest_route=\/wp\/v2\/pages\/6861\/revisions"}],"predecessor-version":[{"id":6973,"href":"https:\/\/saintjeandelacommanderie.fr\/index.php?rest_route=\/wp\/v2\/pages\/6861\/revisions\/6973"}],"wp:attachment":[{"href":"https:\/\/saintjeandelacommanderie.fr\/index.php?rest_route=%2Fwp%2Fv2%2Fmedia&parent=6861"}],"curies":[{"name":"wp","href":"https:\/\/api.w.org\/{rel}","templated":true}]}}